{"id":91,"date":"2018-11-25T18:19:25","date_gmt":"2018-11-25T17:19:25","guid":{"rendered":"https:\/\/fischer-messtechnik-2000.de\/?page_id=91"},"modified":"2019-10-21T23:44:13","modified_gmt":"2019-10-21T21:44:13","slug":"allgemeines","status":"publish","type":"page","link":"https:\/\/www.fischer-messtechnik-2000.de\/index.php\/allgemeines\/","title":{"rendered":"Allgemeines"},"content":{"rendered":"<p><span style=\"color: #000000;\"><strong><span style=\"font-family: arial, helvetica, sans-serif; font-size: 16pt;\">Weshalb m\u00fcssen Messger\u00e4te installiert werden?<\/span><\/strong><\/span><\/p>\n<p><span style=\"font-family: arial, helvetica, sans-serif; font-size: 14pt; color: #000000;\">Die verbrauchsabh\u00e4ngige Abrechnung tr\u00e4gt erheblich zum bewussten Energie- und Wasserverbrauch und damit zum Klimaschutz bei. Untersuchungen zeigen, dass alleine durch das Vorhandensein von Messger\u00e4ten Einsparungen zwischen 15 und 20 % m\u00f6glich sind. Nur wenn der Verbrauch gemessen wird, gehen wir sparsam mit unseren Ressourcen um. Pauschale Verteilungen f\u00f6rdern dagegen Verschwendung. Die verbrauchsabh\u00e4ngige Abrechnung ist in \u00a7 4 der Heizkostenverordnung verbindlich vorgeschrieben.<\/span><\/p>\n<p><strong><span style=\"font-family: arial, helvetica, sans-serif; font-size: 16pt; color: #000000;\">Wie lassen sich Heizkosten sparen?<\/span><\/strong><\/p>\n<p><span style=\"font-family: arial, helvetica, sans-serif; font-size: 14pt; color: #000000;\">Es gibt eine Reihe von Ma\u00dfnahmen, die Sie ergreifen k\u00f6nnen um Heizkosten zu sparen. Einige haben wir in der folgenden \u00dcbersicht aufgef\u00fchrt.<\/span><\/p>\n<p><span style=\"font-family: arial, helvetica, sans-serif; font-size: 14pt; color: #000000;\">Kontrollieren Sie die Raumtemperatur.<\/span><\/p>\n<ul>\n<li><span style=\"font-family: arial, helvetica, sans-serif; font-size: 14pt; color: #000000;\">Drehen Sie nachts oder in Abwesenheit ihre Heizk\u00f6rper herunter.<\/span><\/li>\n<li><span style=\"font-family: arial, helvetica, sans-serif; font-size: 14pt; color: #000000;\">Lassen Sie R\u00e4ume nie ganz ausk\u00fchlen, denn Wiederaufheizung kostet Energie und Geld.<\/span><\/li>\n<li><span style=\"font-family: arial, helvetica, sans-serif; font-size: 14pt; color: #000000;\">Schlie\u00dfen Sie besonders in kalten N\u00e4chten Rollos, Vorh\u00e4nge und Jalousien, damit keine W\u00e4rme nach drau\u00dfen gelangt.<\/span><\/li>\n<li><span style=\"font-family: arial, helvetica, sans-serif; font-size: 14pt; color: #000000;\">Das Absenken der Raumtemperatur um ein 1 \u00b0C spart rund 6 % Heizkosten.<\/span><\/li>\n<\/ul>\n<p><span style=\"font-family: arial, helvetica, sans-serif; font-size: 14pt; color: #000000;\">Lassen Sie Heizk\u00f6rper \u201eatmen\u201c.<\/span><\/p>\n<ul>\n<li><span style=\"font-family: arial, helvetica, sans-serif; font-size: 14pt; color: #000000;\">Vermeiden Sie, Heizk\u00f6rper mit M\u00f6beln zuzustellen oder mit Gardinen zuzuh\u00e4ngen.<\/span><\/li>\n<li><span style=\"font-family: arial, helvetica, sans-serif; font-size: 14pt; color: #000000;\">W\u00e4sche sollte nicht auf der Heizung getrocknet werden.<\/span><\/li>\n<li><span style=\"font-family: arial, helvetica, sans-serif; font-size: 14pt; color: #000000;\">Lassen Sie, wenn n\u00f6tig, ihre Heizk\u00f6rper entl\u00fcften.<\/span><\/li>\n<\/ul>\n<p><span style=\"font-family: arial, helvetica, sans-serif; font-size: 14pt; color: #000000;\">Schlie\u00dfen Sie Zimmert\u00fcren.<\/span><\/p>\n<ul>\n<li><span style=\"font-family: arial, helvetica, sans-serif; font-size: 14pt; color: #000000;\">Das gilt vor allem zwischen beheizten und weniger beheizten R\u00e4umen.<\/span><\/li>\n<li><span style=\"font-family: arial, helvetica, sans-serif; font-size: 14pt; color: #000000;\">Dies verhindert auch Schimmelbildung.<\/span><\/li>\n<\/ul>\n<p><span style=\"font-family: arial, helvetica, sans-serif; font-size: 14pt; color: #000000;\">Richtiges l\u00fcften spart Heizkosten.<\/span><\/p>\n<ul>\n<li><span style=\"font-family: arial, helvetica, sans-serif; font-size: 14pt; color: #000000;\">\u00d6ffnen Sie mindestens zweimal t\u00e4glich f\u00fcr jeweils 10 Minuten alle Fenster. Sto\u00dfl\u00fcften statt Dauerl\u00fcften spart jede Menge Energie.<\/span><\/li>\n<li><span style=\"font-family: arial, helvetica, sans-serif; font-size: 14pt; color: #000000;\">Nicht vergessen: vorher Heizung abschalten.<\/span><\/li>\n<\/ul>\n\n\n<p><\/p>\n","protected":false},"excerpt":{"rendered":"<p>Weshalb m\u00fcssen Messger\u00e4te installiert werden? Die verbrauchsabh\u00e4ngige Abrechnung tr\u00e4gt erheblich zum bewussten Energie- und Wasserverbrauch und damit zum Klimaschutz bei. Untersuchungen zeigen, dass alleine durch das Vorhandensein von Messger\u00e4ten Einsparungen zwischen 15 und 20 % m\u00f6glich sind. Nur wenn der Verbrauch gemessen wird, gehen wir sparsam mit unseren Ressourcen um. Pauschale Verteilungen f\u00f6rdern dagegen Verschwendung. [&hellip;]<\/p>\n","protected":false},"author":1,"featured_media":0,"parent":0,"menu_order":0,"comment_status":"closed","ping_status":"closed","template":"","meta":{"ocean_post_layout":"full-width","ocean_both_sidebars_style":"","ocean_both_sidebars_content_width":0,"ocean_both_sidebars_sidebars_width":0,"ocean_sidebar":"0","ocean_second_sidebar":"0","ocean_disable_margins":"enable","ocean_add_body_class":"","ocean_shortcode_before_top_bar":"","ocean_shortcode_after_top_bar":"","ocean_shortcode_before_header":"","ocean_shortcode_after_header":"","ocean_has_shortcode":"","ocean_shortcode_after_title":"","ocean_shortcode_before_footer_widgets":"","ocean_shortcode_after_footer_widgets":"","ocean_shortcode_before_footer_bottom":"","ocean_shortcode_after_footer_bottom":"","ocean_display_top_bar":"default","ocean_display_header":"default","ocean_header_style":"","ocean_center_header_left_menu":"0","ocean_custom_header_template":"0","ocean_custom_logo":0,"ocean_custom_retina_logo":0,"ocean_custom_logo_max_width":0,"ocean_custom_logo_tablet_max_width":0,"ocean_custom_logo_mobile_max_width":0,"ocean_custom_logo_max_height":0,"ocean_custom_logo_tablet_max_height":0,"ocean_custom_logo_mobile_max_height":0,"ocean_header_custom_menu":"0","ocean_menu_typo_font_family":"0","ocean_menu_typo_font_subset":"","ocean_menu_typo_font_size":0,"ocean_menu_typo_font_size_tablet":0,"ocean_menu_typo_font_size_mobile":0,"ocean_menu_typo_font_size_unit":"px","ocean_menu_typo_font_weight":"","ocean_menu_typo_font_weight_tablet":"","ocean_menu_typo_font_weight_mobile":"","ocean_menu_typo_transform":"","ocean_menu_typo_transform_tablet":"","ocean_menu_typo_transform_mobile":"","ocean_menu_typo_line_height":0,"ocean_menu_typo_line_height_tablet":0,"ocean_menu_typo_line_height_mobile":0,"ocean_menu_typo_line_height_unit":"","ocean_menu_typo_spacing":0,"ocean_menu_typo_spacing_tablet":0,"ocean_menu_typo_spacing_mobile":0,"ocean_menu_typo_spacing_unit":"","ocean_menu_link_color":"","ocean_menu_link_color_hover":"","ocean_menu_link_color_active":"","ocean_menu_link_background":"","ocean_menu_link_hover_background":"","ocean_menu_link_active_background":"","ocean_menu_social_links_bg":"","ocean_menu_social_hover_links_bg":"","ocean_menu_social_links_color":"","ocean_menu_social_hover_links_color":"","ocean_disable_title":"default","ocean_disable_heading":"default","ocean_post_title":"","ocean_post_subheading":"","ocean_post_title_style":"","ocean_post_title_background_color":"","ocean_post_title_background":0,"ocean_post_title_bg_image_position":"","ocean_post_title_bg_image_attachment":"","ocean_post_title_bg_image_repeat":"","ocean_post_title_bg_image_size":"","ocean_post_title_height":0,"ocean_post_title_bg_overlay":0.5,"ocean_post_title_bg_overlay_color":"","ocean_disable_breadcrumbs":"default","ocean_breadcrumbs_color":"","ocean_breadcrumbs_separator_color":"","ocean_breadcrumbs_links_color":"","ocean_breadcrumbs_links_hover_color":"","ocean_display_footer_widgets":"default","ocean_display_footer_bottom":"default","ocean_custom_footer_template":"0","footnotes":""},"class_list":["post-91","page","type-page","status-publish","hentry","entry"],"_links":{"self":[{"href":"https:\/\/www.fischer-messtechnik-2000.de\/index.php\/wp-json\/wp\/v2\/pages\/91","targetHints":{"allow":["GET"]}}],"collection":[{"href":"https:\/\/www.fischer-messtechnik-2000.de\/index.php\/wp-json\/wp\/v2\/pages"}],"about":[{"href":"https:\/\/www.fischer-messtechnik-2000.de\/index.php\/wp-json\/wp\/v2\/types\/page"}],"author":[{"embeddable":true,"href":"https:\/\/www.fischer-messtechnik-2000.de\/index.php\/wp-json\/wp\/v2\/users\/1"}],"replies":[{"embeddable":true,"href":"https:\/\/www.fischer-messtechnik-2000.de\/index.php\/wp-json\/wp\/v2\/comments?post=91"}],"version-history":[{"count":3,"href":"https:\/\/www.fischer-messtechnik-2000.de\/index.php\/wp-json\/wp\/v2\/pages\/91\/revisions"}],"predecessor-version":[{"id":544,"href":"https:\/\/www.fischer-messtechnik-2000.de\/index.php\/wp-json\/wp\/v2\/pages\/91\/revisions\/544"}],"wp:attachment":[{"href":"https:\/\/www.fischer-messtechnik-2000.de\/index.php\/wp-json\/wp\/v2\/media?parent=91"}],"curies":[{"name":"wp","href":"https:\/\/api.w.org\/{rel}","templated":true}]}}