{"id":220,"date":"2018-11-25T21:11:13","date_gmt":"2018-11-25T20:11:13","guid":{"rendered":"https:\/\/fischer-messtechnik-2000.de\/?page_id=220"},"modified":"2019-10-06T18:31:28","modified_gmt":"2019-10-06T16:31:28","slug":"wasserzaehler","status":"publish","type":"page","link":"https:\/\/www.fischer-messtechnik-2000.de\/index.php\/wasserzaehler\/","title":{"rendered":"Wasserz\u00e4hler"},"content":{"rendered":"\t\t<div data-elementor-type=\"wp-post\" data-elementor-id=\"220\" class=\"elementor elementor-220\">\n\t\t\t\t\t\t<section class=\"elementor-section elementor-top-section elementor-element elementor-element-756a3b99 elementor-section-boxed elementor-section-height-default elementor-section-height-default\" data-id=\"756a3b99\" data-element_type=\"section\">\n\t\t\t\t\t\t<div class=\"elementor-container elementor-column-gap-default\">\n\t\t\t\t\t<div class=\"elementor-column elementor-col-100 elementor-top-column elementor-element elementor-element-1c2c74a6\" data-id=\"1c2c74a6\" data-element_type=\"column\">\n\t\t\t<div class=\"elementor-widget-wrap elementor-element-populated\">\n\t\t\t\t\t\t<div class=\"elementor-element elementor-element-78712794 elementor-widget elementor-widget-text-editor\" data-id=\"78712794\" data-element_type=\"widget\" data-widget_type=\"text-editor.default\">\n\t\t\t\t<div class=\"elementor-widget-container\">\n\t\t\t\t\t\t\t\t\t<p><\/p>\n<div class=\"wp-block-image\">\n<figure class=\"alignleft\"><img decoding=\"async\" class=\"wp-image-452\" src=\"https:\/\/fischer-messtechnik-2000.de\/wp-content\/uploads\/2019\/10\/QUNDIS_Messkapsel_Kaltwasserzaehler_Qwater5.5_IST-1-150x150.png\" alt=\"\" width=\"147\" height=\"147\" \/>\n<p>\u00a0<\/p>\n\n<\/figure>\n<\/div>\n<p><\/p>\n<p><strong><span style=\"font-family: arial, helvetica, sans-serif; font-size: 14pt; color: #000000;\">Wasserz\u00e4hler<\/span><\/strong><\/p>\n<p><span style=\"font-family: arial, helvetica, sans-serif; font-size: 14pt; color: #000000;\">Sie m\u00f6chten Ihre Wohnungen und Mieteinheiten mit Wasserz\u00e4hlern ausstatten? Wir haben f\u00fcr Sie den richtigen Z\u00e4hler. Nicht nur f\u00fcr den Neubaubereich sondern auch f\u00fcr Um- oder Ausbau werden jeweils passende Z\u00e4hlertypen angeboten.<\/span><\/p>\n<p><span style=\"font-family: arial, helvetica, sans-serif; font-size: 14pt; color: #000000;\">Mit Wasserz\u00e4hlern l\u00e4sst sich der Kalt- und Warmwasserverbrauch in Geb\u00e4uden ermitteln. Wasserz\u00e4hler sind als Verschraubungsz\u00e4hler, Messkapselz\u00e4hler und als Ventilz\u00e4hler (zur nachtr\u00e4glichen Montage in vorhandene Absperrventile) erh\u00e4ltlich.<\/span><\/p>\n<p><span style=\"font-family: arial, helvetica, sans-serif; font-size: 14pt; color: #000000;\">Von uns erhalten Sie Wasserz\u00e4hler f\u00fcr Haus, Wohnung oder Gewerbe in verschiedenen Ausf\u00fchrungen. Mit unseren Wasserz\u00e4hlern ist eine pr\u00e4zise Messung des Wasserverbrauchs m\u00f6glich. \u00dcber eine Funkschnittstelle k\u00f6nnen unsere Wasserz\u00e4hler in ein Funksystem integriert werden.<\/span><\/p>\n<p><span style=\"font-family: arial, helvetica, sans-serif; font-size: 14pt; color: #000000;\"><strong>Unterputzz\u00e4hler<\/strong><\/span><\/p>\n<p><span style=\"font-family: arial, helvetica, sans-serif; font-size: 14pt; color: #000000;\">Die Unterputzz\u00e4hler sind als Messkapselz\u00e4hler ausgef\u00fchrt. In der Wand bzw. hinter einer Vorwand ist fest im Rohrleitungssystem das entsprechende Einbauteil verbaut. Durch eine \u00d6ffnung wird die eigentliche Messkapsel eingesetzt. Dekorative Chromteile umschlie\u00dfen die Messkapsel und bilden den Abschluss zum Fliesenspiegel oder der Wand.<\/span><\/p>\n<p><span style=\"font-family: arial, helvetica, sans-serif; font-size: 14pt; color: #000000;\"><strong>Aufputzz\u00e4hler<\/strong><\/span><\/p>\n<p><span style=\"font-family: arial, helvetica, sans-serif; font-size: 14pt; color: #000000;\">Der Aufputzwasserz\u00e4hler ist der am meisten eingesetzte Z\u00e4hler. Er wird zwischen Verschraubungen direkt in die Rohrleitung montiert. Sowohl im Neubau hinter Klappen, Fliesenspiegeln und in Messstationen als auch bei Nachr\u00fcstungen ist er universell einsetzbar.<\/span><\/p>\t\t\t\t\t\t\t\t<\/div>\n\t\t\t\t<\/div>\n\t\t\t\t\t<\/div>\n\t\t<\/div>\n\t\t\t\t\t<\/div>\n\t\t<\/section>\n\t\t\t\t<\/div>\n\t\t","protected":false},"excerpt":{"rendered":"<p>Wasserz\u00e4hler Sie m\u00f6chten Ihre Wohnungen und Mieteinheiten mit Wasserz\u00e4hlern ausstatten? Wir haben f\u00fcr Sie den richtigen Z\u00e4hler. Nicht nur f\u00fcr den Neubaubereich sondern auch f\u00fcr Um- oder Ausbau werden jeweils passende Z\u00e4hlertypen angeboten. Mit Wasserz\u00e4hlern l\u00e4sst sich der Kalt- und Warmwasserverbrauch in Geb\u00e4uden ermitteln. Wasserz\u00e4hler sind als Verschraubungsz\u00e4hler, Messkapselz\u00e4hler und als Ventilz\u00e4hler (zur nachtr\u00e4glichen Montage [&hellip;]<\/p>\n","protected":false},"author":1,"featured_media":0,"parent":0,"menu_order":0,"comment_status":"closed","ping_status":"closed","template":"","meta":{"ocean_post_layout":"full-width","ocean_both_sidebars_style":"","ocean_both_sidebars_content_width":0,"ocean_both_sidebars_sidebars_width":0,"ocean_sidebar":"0","ocean_second_sidebar":"0","ocean_disable_margins":"enable","ocean_add_body_class":"","ocean_shortcode_before_top_bar":"","ocean_shortcode_after_top_bar":"","ocean_shortcode_before_header":"","ocean_shortcode_after_header":"","ocean_has_shortcode":"","ocean_shortcode_after_title":"","ocean_shortcode_before_footer_widgets":"","ocean_shortcode_after_footer_widgets":"","ocean_shortcode_before_footer_bottom":"","ocean_shortcode_after_footer_bottom":"","ocean_display_top_bar":"default","ocean_display_header":"default","ocean_header_style":"","ocean_center_header_left_menu":"0","ocean_custom_header_template":"0","ocean_custom_logo":0,"ocean_custom_retina_logo":0,"ocean_custom_logo_max_width":0,"ocean_custom_logo_tablet_max_width":0,"ocean_custom_logo_mobile_max_width":0,"ocean_custom_logo_max_height":0,"ocean_custom_logo_tablet_max_height":0,"ocean_custom_logo_mobile_max_height":0,"ocean_header_custom_menu":"0","ocean_menu_typo_font_family":"0","ocean_menu_typo_font_subset":"","ocean_menu_typo_font_size":0,"ocean_menu_typo_font_size_tablet":0,"ocean_menu_typo_font_size_mobile":0,"ocean_menu_typo_font_size_unit":"px","ocean_menu_typo_font_weight":"","ocean_menu_typo_font_weight_tablet":"","ocean_menu_typo_font_weight_mobile":"","ocean_menu_typo_transform":"","ocean_menu_typo_transform_tablet":"","ocean_menu_typo_transform_mobile":"","ocean_menu_typo_line_height":0,"ocean_menu_typo_line_height_tablet":0,"ocean_menu_typo_line_height_mobile":0,"ocean_menu_typo_line_height_unit":"","ocean_menu_typo_spacing":0,"ocean_menu_typo_spacing_tablet":0,"ocean_menu_typo_spacing_mobile":0,"ocean_menu_typo_spacing_unit":"","ocean_menu_link_color":"","ocean_menu_link_color_hover":"","ocean_menu_link_color_active":"","ocean_menu_link_background":"","ocean_menu_link_hover_background":"","ocean_menu_link_active_background":"","ocean_menu_social_links_bg":"","ocean_menu_social_hover_links_bg":"","ocean_menu_social_links_color":"","ocean_menu_social_hover_links_color":"","ocean_disable_title":"default","ocean_disable_heading":"default","ocean_post_title":"","ocean_post_subheading":"","ocean_post_title_style":"","ocean_post_title_background_color":"","ocean_post_title_background":0,"ocean_post_title_bg_image_position":"","ocean_post_title_bg_image_attachment":"","ocean_post_title_bg_image_repeat":"","ocean_post_title_bg_image_size":"","ocean_post_title_height":0,"ocean_post_title_bg_overlay":0.5,"ocean_post_title_bg_overlay_color":"","ocean_disable_breadcrumbs":"default","ocean_breadcrumbs_color":"","ocean_breadcrumbs_separator_color":"","ocean_breadcrumbs_links_color":"","ocean_breadcrumbs_links_hover_color":"","ocean_display_footer_widgets":"default","ocean_display_footer_bottom":"default","ocean_custom_footer_template":"0","footnotes":""},"class_list":["post-220","page","type-page","status-publish","hentry","entry"],"_links":{"self":[{"href":"https:\/\/www.fischer-messtechnik-2000.de\/index.php\/wp-json\/wp\/v2\/pages\/220","targetHints":{"allow":["GET"]}}],"collection":[{"href":"https:\/\/www.fischer-messtechnik-2000.de\/index.php\/wp-json\/wp\/v2\/pages"}],"about":[{"href":"https:\/\/www.fischer-messtechnik-2000.de\/index.php\/wp-json\/wp\/v2\/types\/page"}],"author":[{"embeddable":true,"href":"https:\/\/www.fischer-messtechnik-2000.de\/index.php\/wp-json\/wp\/v2\/users\/1"}],"replies":[{"embeddable":true,"href":"https:\/\/www.fischer-messtechnik-2000.de\/index.php\/wp-json\/wp\/v2\/comments?post=220"}],"version-history":[{"count":15,"href":"https:\/\/www.fischer-messtechnik-2000.de\/index.php\/wp-json\/wp\/v2\/pages\/220\/revisions"}],"predecessor-version":[{"id":464,"href":"https:\/\/www.fischer-messtechnik-2000.de\/index.php\/wp-json\/wp\/v2\/pages\/220\/revisions\/464"}],"wp:attachment":[{"href":"https:\/\/www.fischer-messtechnik-2000.de\/index.php\/wp-json\/wp\/v2\/media?parent=220"}],"curies":[{"name":"wp","href":"https:\/\/api.w.org\/{rel}","templated":true}]}}