{"id":183,"date":"2018-11-25T20:42:13","date_gmt":"2018-11-25T19:42:13","guid":{"rendered":"https:\/\/fischer-messtechnik-2000.de\/?page_id=183"},"modified":"2019-11-26T15:50:45","modified_gmt":"2019-11-26T14:50:45","slug":"waermezaehler","status":"publish","type":"page","link":"https:\/\/www.fischer-messtechnik-2000.de\/index.php\/waermezaehler\/","title":{"rendered":"W\u00e4rmez\u00e4hler"},"content":{"rendered":"\t\t<div data-elementor-type=\"wp-page\" data-elementor-id=\"183\" class=\"elementor elementor-183\">\n\t\t\t\t\t\t<section class=\"elementor-section elementor-top-section elementor-element elementor-element-4b96f639 elementor-section-boxed elementor-section-height-default elementor-section-height-default\" data-id=\"4b96f639\" data-element_type=\"section\">\n\t\t\t\t\t\t<div class=\"elementor-container elementor-column-gap-default\">\n\t\t\t\t\t<div class=\"elementor-column elementor-col-100 elementor-top-column elementor-element elementor-element-2a20422\" data-id=\"2a20422\" data-element_type=\"column\">\n\t\t\t<div class=\"elementor-widget-wrap elementor-element-populated\">\n\t\t\t\t\t\t<div class=\"elementor-element elementor-element-3e3d3e02 elementor-widget elementor-widget-text-editor\" data-id=\"3e3d3e02\" data-element_type=\"widget\" data-widget_type=\"text-editor.default\">\n\t\t\t\t<div class=\"elementor-widget-container\">\n\t\t\t\t\t\t\t\t\t<p><strong><span style=\"font-family: arial, helvetica, sans-serif; font-size: 16pt; color: #000000;\">W\u00e4rmez\u00e4hler<\/span><\/strong><\/p><p><span style=\"font-family: arial, helvetica, sans-serif; font-size: 14pt; color: #000000;\"><img decoding=\"async\" class=\"wp-image-616 alignleft\" src=\"https:\/\/fischer-messtechnik-2000.de\/wp-content\/uploads\/2019\/10\/QUNDIS_Waermezaehler_Qheat-5.png\" alt=\"\" width=\"200\" height=\"200\" srcset=\"https:\/\/www.fischer-messtechnik-2000.de\/wp-content\/uploads\/2019\/10\/QUNDIS_Waermezaehler_Qheat-5.png 1000w, https:\/\/www.fischer-messtechnik-2000.de\/wp-content\/uploads\/2019\/10\/QUNDIS_Waermezaehler_Qheat-5-150x150.png 150w, https:\/\/www.fischer-messtechnik-2000.de\/wp-content\/uploads\/2019\/10\/QUNDIS_Waermezaehler_Qheat-5-300x300.png 300w, https:\/\/www.fischer-messtechnik-2000.de\/wp-content\/uploads\/2019\/10\/QUNDIS_Waermezaehler_Qheat-5-768x768.png 768w\" sizes=\"(max-width: 200px) 100vw, 200px\" \/><img decoding=\"async\" class=\"wp-image-615 alignleft\" src=\"https:\/\/fischer-messtechnik-2000.de\/wp-content\/uploads\/2019\/10\/QUNDIS_Waermezaehler_Qheat-5_US.png\" alt=\"\" width=\"200\" height=\"200\" srcset=\"https:\/\/www.fischer-messtechnik-2000.de\/wp-content\/uploads\/2019\/10\/QUNDIS_Waermezaehler_Qheat-5_US.png 1000w, https:\/\/www.fischer-messtechnik-2000.de\/wp-content\/uploads\/2019\/10\/QUNDIS_Waermezaehler_Qheat-5_US-150x150.png 150w, https:\/\/www.fischer-messtechnik-2000.de\/wp-content\/uploads\/2019\/10\/QUNDIS_Waermezaehler_Qheat-5_US-300x300.png 300w, https:\/\/www.fischer-messtechnik-2000.de\/wp-content\/uploads\/2019\/10\/QUNDIS_Waermezaehler_Qheat-5_US-768x768.png 768w\" sizes=\"(max-width: 200px) 100vw, 200px\" \/><\/span><\/p><p><span style=\"font-family: arial, helvetica, sans-serif; font-size: 14pt; color: #000000;\">Elektronische W\u00e4rmez\u00e4hler werden zur strangweisen Erfassung des W\u00e4rmeverbrauchs in Heizungsanlagen mit zentraler W\u00e4rmeversorgung eingesetzt. Diese Messger\u00e4te errechnen den Verbrauch an Heizenergie aus dem\u00a0gemessenen Volumenstrom des Heizwassers sowie der Temperaturdifferenz zwischen Vorlauf und R\u00fccklauf.<\/span><\/p><p><span style=\"font-family: arial, helvetica, sans-serif; font-size: 14pt; color: #000000;\">Von uns erhalten Sie W\u00e4rmez\u00e4hler f\u00fcr Haus, Wohnung oder Gewerbe in verschiedenen Ausf\u00fchrungen. Mit unseren W\u00e4rmez\u00e4hlern ist eine pr\u00e4zise Messung des W\u00e4rmeverbrauchs f\u00fcr alle Heizungsanlagen m\u00f6glich. \u00dcber eine Funkschnittstelle k\u00f6nnen unsere W\u00e4rmez\u00e4hler in ein Funksystem integriert werden.<\/span><\/p><p><span style=\"font-family: arial, helvetica, sans-serif; font-size: 14pt; color: #000000;\">Die sichere und bequeme Erfassung des Energieverbrauchs von Heizungs-, K\u00e4lte-, Solar- und Warmwasseraufbereitungsanlagen garantieren wir mit dem bew\u00e4hrten\u00a0<strong>Q heat 5 W\u00e4rmez\u00e4hler<\/strong>. Bei dem <strong>Q heat 5<\/strong> l\u00e4sst sich der aktuelle Verbrauch, der eingestellte Stichtag, sowie Stichtagswerte problemlos \u00fcber eine Anzeigenschleife mit nur einem Knopfdruck erfassen. Durch entsprechende Funk-Aufsatzmodule f\u00fcr <strong>Q-AMR<\/strong> oder <strong>Q-walk-by<\/strong> werden die W\u00e4rmez\u00e4hler f\u00fcr das jeweilige Funksystem aufger\u00fcstet. Das Rechenwerk kann per Software \u00fcber eine IrDA-Schnittstelle oder die Ger\u00e4tetasten direkt parametriert werden. Dadurch k\u00f6nnen wir den W\u00e4rmez\u00e4hler <strong>Q heat 5<\/strong> perfekt auf Ihre Bed\u00fcrfnisse abstimmen. Die Z\u00e4hler k\u00f6nnen \u00fcber einen Gewinde- oder Flanschanschluss in die Heizungsleitung eingebunden werden.<\/span><\/p><p><span style=\"font-family: arial, helvetica, sans-serif; font-size: 14pt; color: #000000;\">Zus\u00e4tzlich zur herk\u00f6mmlichen Fl\u00fcgelradversion ist der Funk-W\u00e4rmez\u00e4hler auch als Ultraschallversion (<strong>Q heat 5 US<\/strong>) verf\u00fcgbar. <em>Er arbeitet auf der Basis eines patentierten, neuartigen Ultraschall-Messverfahrens und hat seine St\u00e4rken dort, wo besonders pr\u00e4zise und langzeitstabile Messungen notwendig sind.<\/em> Durch die eingesetzten hochwertigen Materialien werden zudem Ablagerungen und Verschlei\u00df verhindert.<\/span><\/p><p><span style=\"font-family: arial, helvetica, sans-serif; font-size: 14pt; color: #000000;\">So lesen Sie den Q heat 5 W\u00e4rmez\u00e4hler ab!<\/span><\/p><p><span style=\"color: #000000;\"><span style=\"font-family: arial, helvetica, sans-serif; font-size: 14pt;\"><em>Mit der Tastenkombination zweimal obere und einmal untere Taste gelangen Sie in das Men\u00fc. Ebene L0 zeigt Ihnen den aktuellen Verbrauch an, Ebene L1 den Jahresverbrauch. Um von einer Ebene wieder zur\u00fcck ins Men\u00fc zu gelangen, dr\u00fccken Sie gleichzeitig beide Tasten<\/em><\/span><span style=\"font-family: arial, helvetica, sans-serif; font-size: 14pt;\"><em>.<\/em><\/span><\/span><\/p><p><img fetchpriority=\"high\" decoding=\"async\" class=\"alignnone size-full wp-image-623\" src=\"https:\/\/fischer-messtechnik-2000.de\/wp-content\/uploads\/2019\/10\/Tastenbelegung-Q-heat-5.png\" alt=\"\" width=\"480\" height=\"112\" srcset=\"https:\/\/www.fischer-messtechnik-2000.de\/wp-content\/uploads\/2019\/10\/Tastenbelegung-Q-heat-5.png 480w, https:\/\/www.fischer-messtechnik-2000.de\/wp-content\/uploads\/2019\/10\/Tastenbelegung-Q-heat-5-300x70.png 300w\" sizes=\"(max-width: 480px) 100vw, 480px\" \/><\/p><p><span style=\"font-family: arial, helvetica, sans-serif; font-size: 14pt; color: #000000;\">1. PDF: <a href=\"https:\/\/fischer-messtechnik-2000.de\/wp-content\/uploads\/2019\/10\/Waermezaehler-Q-heat-5-Datenblatt.pdf\">Q-heat-5-Datenblatt.pdf<\/a><\/span><\/p><p><span style=\"font-size: 14pt; font-family: arial, helvetica, sans-serif;\"><span style=\"color: #000000;\">2. PDF:<\/span> <span style=\"font-family: arial, helvetica, sans-serif; font-size: 14pt; color: #000000;\"><a href=\"https:\/\/fischer-messtechnik-2000.de\/wp-content\/uploads\/2018\/12\/Waermezaehler-Q-heat-5-US-Datenblatt.pdf\">Q-heat-5-US-Datenblatt.pdf<\/a><\/span><\/span><\/p><p><span style=\"font-family: arial, helvetica, sans-serif; font-size: 14pt; color: #000000;\">Besondere Merkmale Q heat 5 US:<\/span><\/p><ul><li><span style=\"font-family: arial, helvetica, sans-serif; font-size: 14pt; color: #000000;\">schneller Messzyklus: Der schnelle Messzyklus des Q heat 5 US wurde auf ein Zeitintervall von 4 Sekunden reduziert (Q heat 5 basic 6 Sekunden)<\/span><\/li><li><span style=\"font-family: arial, helvetica, sans-serif; font-size: 14pt; color: #000000;\">beliebige Einbaulage des W\u00e4rmez\u00e4hlers \u2013 auch \u201e\u00fcber Kopf\u201c<\/span><\/li><li><span style=\"font-family: arial, helvetica, sans-serif; font-size: 14pt; color: #000000;\">sehr geringe Bauh\u00f6he im Vergleich zu Produkten der Wettbewerber und damit verbesserte Montagem\u00f6glichkeiten auf engem Raum (einer der kleinsten Ultraschall-W\u00e4rmez\u00e4hler am Markt)<\/span><\/li><li><span style=\"font-family: arial, helvetica, sans-serif; font-size: 14pt; color: #000000;\">Hohe Zuverl\u00e4ssigkeit durch Nutzung eines patentierten Messverfahrens mit verschmutzungsresistenten, hochwertigen Spiegeln<\/span><\/li><\/ul><p><strong><span style=\"font-family: arial, helvetica, sans-serif; font-size: 14pt; color: #000000;\">Funkw\u00e4rmez\u00e4hler Q heat 5 US<\/span><\/strong><\/p><p><span style=\"font-size: 14pt; font-family: arial, helvetica, sans-serif;\"><img loading=\"lazy\" decoding=\"async\" class=\"wp-image-620 alignleft\" src=\"https:\/\/fischer-messtechnik-2000.de\/wp-content\/uploads\/2019\/10\/QUNDIS_Waermezaehler_Qheat5_Qmodule5.5.png\" alt=\"\" width=\"200\" height=\"200\" srcset=\"https:\/\/www.fischer-messtechnik-2000.de\/wp-content\/uploads\/2019\/10\/QUNDIS_Waermezaehler_Qheat5_Qmodule5.5.png 1000w, https:\/\/www.fischer-messtechnik-2000.de\/wp-content\/uploads\/2019\/10\/QUNDIS_Waermezaehler_Qheat5_Qmodule5.5-150x150.png 150w, https:\/\/www.fischer-messtechnik-2000.de\/wp-content\/uploads\/2019\/10\/QUNDIS_Waermezaehler_Qheat5_Qmodule5.5-300x300.png 300w, https:\/\/www.fischer-messtechnik-2000.de\/wp-content\/uploads\/2019\/10\/QUNDIS_Waermezaehler_Qheat5_Qmodule5.5-768x768.png 768w\" sizes=\"(max-width: 200px) 100vw, 200px\" \/><\/span><\/p><p>\u00a0<\/p><p>\u00a0<\/p><p>\u00a0<\/p><p><strong><span style=\"font-family: arial, helvetica, sans-serif; font-size: 14pt; color: #000000;\">Funkmodul Q heat WFZ 166.0<\/span><\/strong><\/p><p><strong><span style=\"font-family: arial, helvetica, sans-serif; font-size: 14pt; color: #000000;\">Funk-Aufsatzmodul WFZ16.O (AMR) \/ WFZ166.O (walk-by)<\/span><\/strong><\/p><p><img loading=\"lazy\" decoding=\"async\" class=\"wp-image-619 alignleft\" src=\"https:\/\/fischer-messtechnik-2000.de\/wp-content\/uploads\/2019\/10\/QUNDIS_Funkaufsatzmodul_Qmodule5.5heat-300x300.png\" alt=\"\" width=\"200\" height=\"200\" srcset=\"https:\/\/www.fischer-messtechnik-2000.de\/wp-content\/uploads\/2019\/10\/QUNDIS_Funkaufsatzmodul_Qmodule5.5heat-300x300.png 300w, https:\/\/www.fischer-messtechnik-2000.de\/wp-content\/uploads\/2019\/10\/QUNDIS_Funkaufsatzmodul_Qmodule5.5heat-150x150.png 150w, https:\/\/www.fischer-messtechnik-2000.de\/wp-content\/uploads\/2019\/10\/QUNDIS_Funkaufsatzmodul_Qmodule5.5heat-768x768.png 768w, https:\/\/www.fischer-messtechnik-2000.de\/wp-content\/uploads\/2019\/10\/QUNDIS_Funkaufsatzmodul_Qmodule5.5heat.png 1000w\" sizes=\"(max-width: 200px) 100vw, 200px\" \/><\/p><p><span style=\"font-family: arial, helvetica, sans-serif; font-size: 14pt; color: #000000;\">Die Aufsatzmodule \u00fcbernehmen die Ver\u00adbrauchs\u00addaten des W\u00e4rmez\u00e4hlers und \u00fcbermitteln diese an das jeweilige Auslesesystem. Dar\u00fcber hinaus ist jedes Funkmodul mit einer optischen Schnittstelle zur Parametrierung ausgestattet.<\/span><\/p><ul><li><span style=\"font-family: arial, helvetica, sans-serif; font-size: 14pt; color: #000000;\">Erfassung der Daten der W\u00e4rmemessung vom W\u00e4rmez\u00e4hler bzw. Rechenwerk<\/span><\/li><li><span style=\"font-family: arial, helvetica, sans-serif; font-size: 14pt; color: #000000;\">bei kombinierter W\u00e4rme- und K\u00e4ltez\u00e4hlung, Erfassung der Daten der K\u00fchlenergiemessung<\/span><\/li><li><span style=\"font-family: arial, helvetica, sans-serif; font-size: 14pt; color: #000000;\">Speicherung der Verbrauchsdaten und der Stichtagswerte<\/span><\/li><li><span style=\"font-family: arial, helvetica, sans-serif; font-size: 14pt; color: #000000;\">Auslesung \u00fcber Funk und \u00dcbermittlung der Verbrauchswerte an eine Ausleseeinheit, ohne direkten Zugang zum Ger\u00e4t<\/span><\/li><li><span style=\"font-family: arial, helvetica, sans-serif; font-size: 14pt; color: #000000;\">die Angabe des Sendezeitraums erfolgt ganzj\u00e4hrig in MEZ<\/span><\/li><li><span style=\"font-family: arial, helvetica, sans-serif; font-size: 14pt; color: #000000;\">das Funk-Aufsatzmodul besitzt <u>keine<\/u> eigene Anzeige<\/span><\/li><\/ul>\t\t\t\t\t\t\t\t<\/div>\n\t\t\t\t<\/div>\n\t\t\t\t\t<\/div>\n\t\t<\/div>\n\t\t\t\t\t<\/div>\n\t\t<\/section>\n\t\t\t\t<\/div>\n\t\t","protected":false},"excerpt":{"rendered":"<p>W\u00e4rmez\u00e4hler Elektronische W\u00e4rmez\u00e4hler werden zur strangweisen Erfassung des W\u00e4rmeverbrauchs in Heizungsanlagen mit zentraler W\u00e4rmeversorgung eingesetzt. Diese Messger\u00e4te errechnen den Verbrauch an Heizenergie aus dem\u00a0gemessenen Volumenstrom des Heizwassers sowie der Temperaturdifferenz zwischen Vorlauf und R\u00fccklauf. Von uns erhalten Sie W\u00e4rmez\u00e4hler f\u00fcr Haus, Wohnung oder Gewerbe in verschiedenen Ausf\u00fchrungen. Mit unseren W\u00e4rmez\u00e4hlern ist eine pr\u00e4zise Messung des [&hellip;]<\/p>\n","protected":false},"author":1,"featured_media":0,"parent":0,"menu_order":0,"comment_status":"closed","ping_status":"closed","template":"","meta":{"ocean_post_layout":"full-width","ocean_both_sidebars_style":"","ocean_both_sidebars_content_width":0,"ocean_both_sidebars_sidebars_width":0,"ocean_sidebar":"0","ocean_second_sidebar":"0","ocean_disable_margins":"enable","ocean_add_body_class":"","ocean_shortcode_before_top_bar":"","ocean_shortcode_after_top_bar":"","ocean_shortcode_before_header":"","ocean_shortcode_after_header":"","ocean_has_shortcode":"","ocean_shortcode_after_title":"","ocean_shortcode_before_footer_widgets":"","ocean_shortcode_after_footer_widgets":"","ocean_shortcode_before_footer_bottom":"","ocean_shortcode_after_footer_bottom":"","ocean_display_top_bar":"default","ocean_display_header":"default","ocean_header_style":"","ocean_center_header_left_menu":"0","ocean_custom_header_template":"0","ocean_custom_logo":0,"ocean_custom_retina_logo":0,"ocean_custom_logo_max_width":0,"ocean_custom_logo_tablet_max_width":0,"ocean_custom_logo_mobile_max_width":0,"ocean_custom_logo_max_height":0,"ocean_custom_logo_tablet_max_height":0,"ocean_custom_logo_mobile_max_height":0,"ocean_header_custom_menu":"0","ocean_menu_typo_font_family":"0","ocean_menu_typo_font_subset":"","ocean_menu_typo_font_size":0,"ocean_menu_typo_font_size_tablet":0,"ocean_menu_typo_font_size_mobile":0,"ocean_menu_typo_font_size_unit":"px","ocean_menu_typo_font_weight":"","ocean_menu_typo_font_weight_tablet":"","ocean_menu_typo_font_weight_mobile":"","ocean_menu_typo_transform":"","ocean_menu_typo_transform_tablet":"","ocean_menu_typo_transform_mobile":"","ocean_menu_typo_line_height":0,"ocean_menu_typo_line_height_tablet":0,"ocean_menu_typo_line_height_mobile":0,"ocean_menu_typo_line_height_unit":"","ocean_menu_typo_spacing":0,"ocean_menu_typo_spacing_tablet":0,"ocean_menu_typo_spacing_mobile":0,"ocean_menu_typo_spacing_unit":"","ocean_menu_link_color":"","ocean_menu_link_color_hover":"","ocean_menu_link_color_active":"","ocean_menu_link_background":"","ocean_menu_link_hover_background":"","ocean_menu_link_active_background":"","ocean_menu_social_links_bg":"","ocean_menu_social_hover_links_bg":"","ocean_menu_social_links_color":"","ocean_menu_social_hover_links_color":"","ocean_disable_title":"default","ocean_disable_heading":"default","ocean_post_title":"","ocean_post_subheading":"","ocean_post_title_style":"","ocean_post_title_background_color":"","ocean_post_title_background":0,"ocean_post_title_bg_image_position":"","ocean_post_title_bg_image_attachment":"","ocean_post_title_bg_image_repeat":"","ocean_post_title_bg_image_size":"","ocean_post_title_height":0,"ocean_post_title_bg_overlay":0.5,"ocean_post_title_bg_overlay_color":"","ocean_disable_breadcrumbs":"default","ocean_breadcrumbs_color":"","ocean_breadcrumbs_separator_color":"","ocean_breadcrumbs_links_color":"","ocean_breadcrumbs_links_hover_color":"","ocean_display_footer_widgets":"default","ocean_display_footer_bottom":"default","ocean_custom_footer_template":"0","footnotes":""},"class_list":["post-183","page","type-page","status-publish","hentry","entry"],"_links":{"self":[{"href":"https:\/\/www.fischer-messtechnik-2000.de\/index.php\/wp-json\/wp\/v2\/pages\/183","targetHints":{"allow":["GET"]}}],"collection":[{"href":"https:\/\/www.fischer-messtechnik-2000.de\/index.php\/wp-json\/wp\/v2\/pages"}],"about":[{"href":"https:\/\/www.fischer-messtechnik-2000.de\/index.php\/wp-json\/wp\/v2\/types\/page"}],"author":[{"embeddable":true,"href":"https:\/\/www.fischer-messtechnik-2000.de\/index.php\/wp-json\/wp\/v2\/users\/1"}],"replies":[{"embeddable":true,"href":"https:\/\/www.fischer-messtechnik-2000.de\/index.php\/wp-json\/wp\/v2\/comments?post=183"}],"version-history":[{"count":28,"href":"https:\/\/www.fischer-messtechnik-2000.de\/index.php\/wp-json\/wp\/v2\/pages\/183\/revisions"}],"predecessor-version":[{"id":672,"href":"https:\/\/www.fischer-messtechnik-2000.de\/index.php\/wp-json\/wp\/v2\/pages\/183\/revisions\/672"}],"wp:attachment":[{"href":"https:\/\/www.fischer-messtechnik-2000.de\/index.php\/wp-json\/wp\/v2\/media?parent=183"}],"curies":[{"name":"wp","href":"https:\/\/api.w.org\/{rel}","templated":true}]}}