{"id":180,"date":"2018-11-25T20:38:15","date_gmt":"2018-11-25T19:38:15","guid":{"rendered":"https:\/\/fischer-messtechnik-2000.de\/?page_id=180"},"modified":"2019-11-26T15:48:29","modified_gmt":"2019-11-26T14:48:29","slug":"rauchmelder-2","status":"publish","type":"page","link":"https:\/\/www.fischer-messtechnik-2000.de\/index.php\/rauchmelder-2\/","title":{"rendered":"Rauchmelder"},"content":{"rendered":"\t\t<div data-elementor-type=\"wp-page\" data-elementor-id=\"180\" class=\"elementor elementor-180\">\n\t\t\t\t\t\t<section class=\"elementor-section elementor-top-section elementor-element elementor-element-5a55075e elementor-section-boxed elementor-section-height-default elementor-section-height-default\" data-id=\"5a55075e\" data-element_type=\"section\">\n\t\t\t\t\t\t<div class=\"elementor-container elementor-column-gap-default\">\n\t\t\t\t\t<div class=\"elementor-column elementor-col-100 elementor-top-column elementor-element elementor-element-3f878629\" data-id=\"3f878629\" data-element_type=\"column\">\n\t\t\t<div class=\"elementor-widget-wrap elementor-element-populated\">\n\t\t\t\t\t\t<div class=\"elementor-element elementor-element-767f52e8 elementor-widget elementor-widget-text-editor\" data-id=\"767f52e8\" data-element_type=\"widget\" data-widget_type=\"text-editor.default\">\n\t\t\t\t<div class=\"elementor-widget-container\">\n\t\t\t\t\t\t\t\t\t<p><span style=\"font-family: arial, helvetica, sans-serif; font-size: 14pt; color: #000000;\"><img decoding=\"async\" class=\"alignleft wp-image-633\" src=\"https:\/\/fischer-messtechnik-2000.de\/wp-content\/uploads\/2019\/10\/Rauchwarnmelder_Qsmoke_GeniusH_2.png\" alt=\"\" width=\"200\" height=\"200\" \/><\/span><\/p>\n<p>\u00a0<\/p>\n<p><span style=\"font-family: arial, helvetica, sans-serif; font-size: 14pt; color: #000000;\">Als Experte in Sachen Brandschutz m\u00f6chten wir, dass Sie rundum kompetente Unterst\u00fctzung bekommen, wenn es um den Einbau von Rauchwarnmeldern geht.<\/span><br \/><span style=\"font-family: arial, helvetica, sans-serif; font-size: 14pt; color: #000000;\">Deswegen begleiten wir Sie Schritt f\u00fcr Schritt\u00a0\u2013 von der Planung bis hin zur Wartung.<\/span><\/p>\n<p>\u00a0<\/p>\n<p><span style=\"font-family: arial, helvetica, sans-serif; font-size: 14pt; color: #000000;\"><strong>1. Planung und Projektierung:<\/strong><\/span><\/p>\n<p><span style=\"font-family: arial, helvetica, sans-serif; font-size: 14pt; color: #000000;\">Wir sind von Anfang an dabei, begonnen bei der Projektierung. Ob bei Gro\u00dfprojekten mit gemeinsamen Kundenbesuchen oder wenn schnell Fragen beantwortet werden m\u00fcssen \u2013 Ihr Ansprechpartner steht Ihnen mit konstruktiven\u00a0<\/span><span style=\"color: #000000; font-family: arial, helvetica, sans-serif; font-size: 14pt;\">L\u00f6sungen zur \u00adSeite.<\/span><\/p>\n<p><span style=\"font-family: arial, helvetica, sans-serif; font-size: 14pt; color: #000000;\"><strong>2. Montage, Demontage, Wartung:<\/strong><\/span><\/p>\n<p><span style=\"font-family: arial, helvetica, sans-serif; font-size: 14pt; color: #000000;\">Durch vielf\u00e4ltige, vom Verband der Schadenversicherer anerkannte Montagem\u00f6glichkeiten (Zweiloch, Einloch, Klebepad) der Hekatron Rauchwarnmelder geht das Anbringen ganz leicht und ohne gro\u00dfen Aufwand.<\/span><\/p>\n<p><span style=\"font-family: arial, helvetica, sans-serif; font-size: 14pt; color: #000000;\"><strong>3. Inbetriebnahme:<\/strong><\/span><\/p>\n<p><span style=\"font-family: arial, helvetica, sans-serif; font-size: 14pt; color: #000000;\">Auch die Inbetriebnahme ist durch die speziellen Leistungsmerkmale der Rauchwarnmelder und der Funkmodule ganz einfach vorzunehmen, und mit wenigen Handgriffen erledigt.<\/span><\/p>\n<p><span style=\"font-family: arial, helvetica, sans-serif; font-size: 14pt; color: #000000;\"><strong>4. Betrieb:<\/strong><\/span><\/p>\n<p><span style=\"font-family: arial, helvetica, sans-serif; font-size: 14pt; color: #000000;\">Genius Rauchwarnmelder arbeiten dank intelligenter Elektronik und hochwertiger Bauteile jederzeit zuverl\u00e4ssig. Fehlalarme sind dank Verschmutzungsprognose \u2013 und kompensation praktisch ausgeschlossen.<\/span><\/p>\n<p><span style=\"font-family: arial, helvetica, sans-serif; font-size: 14pt; color: #000000;\"><strong>5. Alarmierung und St\u00f6rung<\/strong>:<\/span><\/p>\n<p><span style=\"font-family: arial, helvetica, sans-serif; font-size: 14pt; color: #000000;\">Unsere Rauchwarnmelder der Genius\u200a\u2013\u200aFamilie sind mit einem frequenzoptimierten Alarmierungston von 85\u2009dB versehen. Die Frequenz ist durch den auf- und abfallenden Ton f\u00fcr das menschliche Geh\u00f6r jeden Alters optimiert und sorgt daf\u00fcr, dass auch Kinder und \u00e4ltere Personen den Alarm besser wahrnehmen. Au\u00dferdem verf\u00fcgen die Rauchwarnmelder der Genius\u200a-\u200aFamilie \u00fcber einen integrierten Mikroprozessor, der permanent die Funktionen des Melders selbst \u00fcberwacht.<\/span><\/p>\n<p><span style=\"font-family: arial, helvetica, sans-serif; font-size: 14pt; color: #000000;\"><strong>6. Wartung:<\/strong><\/span><\/p>\n<p><span style=\"font-family: arial, helvetica, sans-serif; font-size: 14pt; color: #000000;\">Genius Rauchwarnmelder m\u00fcssen nur 1x im Jahr gewartet werden. Dank Genius Pro App und Pr\u00fcfger\u00e4t geht dies schnell und professionell.<\/span><\/p>\n<p><\/p>\n<p><\/p>\t\t\t\t\t\t\t\t<\/div>\n\t\t\t\t<\/div>\n\t\t\t\t\t<\/div>\n\t\t<\/div>\n\t\t\t\t\t<\/div>\n\t\t<\/section>\n\t\t\t\t<\/div>\n\t\t","protected":false},"excerpt":{"rendered":"<p>\u00a0 Als Experte in Sachen Brandschutz m\u00f6chten wir, dass Sie rundum kompetente Unterst\u00fctzung bekommen, wenn es um den Einbau von Rauchwarnmeldern geht.Deswegen begleiten wir Sie Schritt f\u00fcr Schritt\u00a0\u2013 von der Planung bis hin zur Wartung. \u00a0 1. Planung und Projektierung: Wir sind von Anfang an dabei, begonnen bei der Projektierung. Ob bei Gro\u00dfprojekten mit gemeinsamen [&hellip;]<\/p>\n","protected":false},"author":1,"featured_media":0,"parent":0,"menu_order":0,"comment_status":"closed","ping_status":"closed","template":"","meta":{"ocean_post_layout":"full-width","ocean_both_sidebars_style":"","ocean_both_sidebars_content_width":0,"ocean_both_sidebars_sidebars_width":0,"ocean_sidebar":"0","ocean_second_sidebar":"0","ocean_disable_margins":"enable","ocean_add_body_class":"","ocean_shortcode_before_top_bar":"","ocean_shortcode_after_top_bar":"","ocean_shortcode_before_header":"","ocean_shortcode_after_header":"","ocean_has_shortcode":"","ocean_shortcode_after_title":"","ocean_shortcode_before_footer_widgets":"","ocean_shortcode_after_footer_widgets":"","ocean_shortcode_before_footer_bottom":"","ocean_shortcode_after_footer_bottom":"","ocean_display_top_bar":"default","ocean_display_header":"default","ocean_header_style":"","ocean_center_header_left_menu":"0","ocean_custom_header_template":"0","ocean_custom_logo":0,"ocean_custom_retina_logo":0,"ocean_custom_logo_max_width":0,"ocean_custom_logo_tablet_max_width":0,"ocean_custom_logo_mobile_max_width":0,"ocean_custom_logo_max_height":0,"ocean_custom_logo_tablet_max_height":0,"ocean_custom_logo_mobile_max_height":0,"ocean_header_custom_menu":"0","ocean_menu_typo_font_family":"0","ocean_menu_typo_font_subset":"","ocean_menu_typo_font_size":0,"ocean_menu_typo_font_size_tablet":0,"ocean_menu_typo_font_size_mobile":0,"ocean_menu_typo_font_size_unit":"px","ocean_menu_typo_font_weight":"","ocean_menu_typo_font_weight_tablet":"","ocean_menu_typo_font_weight_mobile":"","ocean_menu_typo_transform":"","ocean_menu_typo_transform_tablet":"","ocean_menu_typo_transform_mobile":"","ocean_menu_typo_line_height":0,"ocean_menu_typo_line_height_tablet":0,"ocean_menu_typo_line_height_mobile":0,"ocean_menu_typo_line_height_unit":"","ocean_menu_typo_spacing":0,"ocean_menu_typo_spacing_tablet":0,"ocean_menu_typo_spacing_mobile":0,"ocean_menu_typo_spacing_unit":"","ocean_menu_link_color":"","ocean_menu_link_color_hover":"","ocean_menu_link_color_active":"","ocean_menu_link_background":"","ocean_menu_link_hover_background":"","ocean_menu_link_active_background":"","ocean_menu_social_links_bg":"","ocean_menu_social_hover_links_bg":"","ocean_menu_social_links_color":"","ocean_menu_social_hover_links_color":"","ocean_disable_title":"default","ocean_disable_heading":"default","ocean_post_title":"","ocean_post_subheading":"","ocean_post_title_style":"","ocean_post_title_background_color":"","ocean_post_title_background":0,"ocean_post_title_bg_image_position":"","ocean_post_title_bg_image_attachment":"","ocean_post_title_bg_image_repeat":"","ocean_post_title_bg_image_size":"","ocean_post_title_height":0,"ocean_post_title_bg_overlay":0.5,"ocean_post_title_bg_overlay_color":"","ocean_disable_breadcrumbs":"default","ocean_breadcrumbs_color":"","ocean_breadcrumbs_separator_color":"","ocean_breadcrumbs_links_color":"","ocean_breadcrumbs_links_hover_color":"","ocean_display_footer_widgets":"default","ocean_display_footer_bottom":"default","ocean_custom_footer_template":"0","footnotes":""},"class_list":["post-180","page","type-page","status-publish","hentry","entry"],"_links":{"self":[{"href":"https:\/\/www.fischer-messtechnik-2000.de\/index.php\/wp-json\/wp\/v2\/pages\/180","targetHints":{"allow":["GET"]}}],"collection":[{"href":"https:\/\/www.fischer-messtechnik-2000.de\/index.php\/wp-json\/wp\/v2\/pages"}],"about":[{"href":"https:\/\/www.fischer-messtechnik-2000.de\/index.php\/wp-json\/wp\/v2\/types\/page"}],"author":[{"embeddable":true,"href":"https:\/\/www.fischer-messtechnik-2000.de\/index.php\/wp-json\/wp\/v2\/users\/1"}],"replies":[{"embeddable":true,"href":"https:\/\/www.fischer-messtechnik-2000.de\/index.php\/wp-json\/wp\/v2\/comments?post=180"}],"version-history":[{"count":10,"href":"https:\/\/www.fischer-messtechnik-2000.de\/index.php\/wp-json\/wp\/v2\/pages\/180\/revisions"}],"predecessor-version":[{"id":671,"href":"https:\/\/www.fischer-messtechnik-2000.de\/index.php\/wp-json\/wp\/v2\/pages\/180\/revisions\/671"}],"wp:attachment":[{"href":"https:\/\/www.fischer-messtechnik-2000.de\/index.php\/wp-json\/wp\/v2\/media?parent=180"}],"curies":[{"name":"wp","href":"https:\/\/api.w.org\/{rel}","templated":true}]}}