{"id":176,"date":"2018-11-25T20:35:43","date_gmt":"2018-11-25T19:35:43","guid":{"rendered":"https:\/\/fischer-messtechnik-2000.de\/?page_id=176"},"modified":"2019-11-26T15:44:46","modified_gmt":"2019-11-26T14:44:46","slug":"elektronischer-heizkostenverteiler","status":"publish","type":"page","link":"https:\/\/www.fischer-messtechnik-2000.de\/index.php\/elektronischer-heizkostenverteiler\/","title":{"rendered":"Elektronischer Heizkostenverteiler"},"content":{"rendered":"\t\t<div data-elementor-type=\"wp-post\" data-elementor-id=\"176\" class=\"elementor elementor-176\">\n\t\t\t\t\t\t<section class=\"elementor-section elementor-top-section elementor-element elementor-element-44b1c597 elementor-section-boxed elementor-section-height-default elementor-section-height-default\" data-id=\"44b1c597\" data-element_type=\"section\">\n\t\t\t\t\t\t<div class=\"elementor-container elementor-column-gap-default\">\n\t\t\t\t\t<div class=\"elementor-column elementor-col-100 elementor-top-column elementor-element elementor-element-779a5549\" data-id=\"779a5549\" data-element_type=\"column\">\n\t\t\t<div class=\"elementor-widget-wrap elementor-element-populated\">\n\t\t\t\t\t\t<div class=\"elementor-element elementor-element-63b6ac78 elementor-widget elementor-widget-text-editor\" data-id=\"63b6ac78\" data-element_type=\"widget\" data-widget_type=\"text-editor.default\">\n\t\t\t\t<div class=\"elementor-widget-container\">\n\t\t\t\t\t\t\t\t\t<p><span style=\"color: #000000;\"><strong><span style=\"font-family: arial, helvetica, sans-serif; font-size: 16pt;\">Heizkostenverteiler<\/span><\/strong><\/span><\/p><p><img decoding=\"async\" class=\"wp-image-627 alignleft\" src=\"https:\/\/fischer-messtechnik-2000.de\/wp-content\/uploads\/2019\/10\/QUNDIS_Q_caloric5.5.png\" alt=\"\" width=\"200\" height=\"200\" srcset=\"https:\/\/www.fischer-messtechnik-2000.de\/wp-content\/uploads\/2019\/10\/QUNDIS_Q_caloric5.5.png 1000w, https:\/\/www.fischer-messtechnik-2000.de\/wp-content\/uploads\/2019\/10\/QUNDIS_Q_caloric5.5-150x150.png 150w, https:\/\/www.fischer-messtechnik-2000.de\/wp-content\/uploads\/2019\/10\/QUNDIS_Q_caloric5.5-300x300.png 300w, https:\/\/www.fischer-messtechnik-2000.de\/wp-content\/uploads\/2019\/10\/QUNDIS_Q_caloric5.5-768x768.png 768w\" sizes=\"(max-width: 200px) 100vw, 200px\" \/><span style=\"font-family: arial, helvetica, sans-serif; font-size: 14pt;\">Heizkostenverteiler sind Erfassungsger\u00e4te f\u00fcr die verbrauchsabh\u00e4ngige Heizkostenabrechnung, welche dezentral eingesetzt werden k\u00f6nnen. Dies hat den Vorteil, dass die Zuordnung der Heizstellen nicht an eine feste Strangaufteilung\u00a0 der Heizung gebunden ist. Die Heizk\u00f6rper k\u00f6nnen frei dem jeweiligen Nutzer zugeordnet werden.<\/span><\/p><p><span style=\"font-family: arial, helvetica, sans-serif; font-size: 14pt; color: #000000;\">Die neue Effizienz in der Verbrauchsdatenerfassung. Der elektronische Heizkostenverteiler \u201eQ caloric 5.5\u201c. Eine neue Ger\u00e4tegeneration die Ma\u00dfst\u00e4be setzt.<\/span><\/p><p><span style=\"font-size: 14pt; font-family: arial, helvetica, sans-serif;\">Elektronische Heizkostenverteiler sind eine kosteng\u00fcnstige Alternative, um die Verbrauchserfassung der Heizkosten durchzuf\u00fchren. Der\u00a0<strong><em>Q caloric 5.5<\/em><\/strong>\u00a0kann als 1-F\u00fchler-Messsystem oder als 2-F\u00fchler-Messsystem betrieben werden. W\u00e4hrend im 2-F\u00fchlerbetrieb der tats\u00e4chliche Temperaturunterschied zwischen der Umgebungstemperatur und der Heizk\u00f6rpertemperatur ermittelt und als Berechnungsgrundlage f\u00fcr die Verbrauchsabrechnung herangezogen wird, ist im 1-F\u00fchlerbetrieb f\u00fcr die Umgebungstemperatur ein konstanter Wert vorgegeben. Seine kleine, kompakte Bauweise und gut ablesbare LC-Anzeige machen ihn zu einem zeitgem\u00e4\u00dfen Verbrauchserfassungsger\u00e4t. Durch die vorhandene optische Schnittstelle k\u00f6nnen au\u00dferdem die Ger\u00e4teparameter individuell angepasst, oder z.B. Verbrauchsdaten vor Ort ausgelesen werden.\u00a0<strong>Seine leistungsstarke 3-V Lithium Batterie gew\u00e4hrleistet eine zuverl\u00e4ssige Messung und Speicherung der Verbrauchsdaten \u00fcber eine Laufzeit von 10 Jahren.<\/strong>\u00a0<em>Dar\u00fcber hinaus sind alle Ger\u00e4te mit einem elektronischen \u00d6ffnungskontakt und einer speziellen Werksplombe ausgestattet, um Manipulationsversuche schnell erkennen zu k\u00f6nnen.<\/em><\/span><\/p>\t\t\t\t\t\t\t\t<\/div>\n\t\t\t\t<\/div>\n\t\t\t\t\t<\/div>\n\t\t<\/div>\n\t\t\t\t\t<\/div>\n\t\t<\/section>\n\t\t\t\t<\/div>\n\t\t","protected":false},"excerpt":{"rendered":"<p>Heizkostenverteiler Heizkostenverteiler sind Erfassungsger\u00e4te f\u00fcr die verbrauchsabh\u00e4ngige Heizkostenabrechnung, welche dezentral eingesetzt werden k\u00f6nnen. Dies hat den Vorteil, dass die Zuordnung der Heizstellen nicht an eine feste Strangaufteilung\u00a0 der Heizung gebunden ist. Die Heizk\u00f6rper k\u00f6nnen frei dem jeweiligen Nutzer zugeordnet werden. Die neue Effizienz in der Verbrauchsdatenerfassung. Der elektronische Heizkostenverteiler \u201eQ caloric 5.5\u201c. Eine neue Ger\u00e4tegeneration [&hellip;]<\/p>\n","protected":false},"author":1,"featured_media":0,"parent":0,"menu_order":0,"comment_status":"closed","ping_status":"closed","template":"","meta":{"ocean_post_layout":"full-width","ocean_both_sidebars_style":"","ocean_both_sidebars_content_width":0,"ocean_both_sidebars_sidebars_width":0,"ocean_sidebar":"0","ocean_second_sidebar":"0","ocean_disable_margins":"enable","ocean_add_body_class":"","ocean_shortcode_before_top_bar":"","ocean_shortcode_after_top_bar":"","ocean_shortcode_before_header":"","ocean_shortcode_after_header":"","ocean_has_shortcode":"","ocean_shortcode_after_title":"","ocean_shortcode_before_footer_widgets":"","ocean_shortcode_after_footer_widgets":"","ocean_shortcode_before_footer_bottom":"","ocean_shortcode_after_footer_bottom":"","ocean_display_top_bar":"default","ocean_display_header":"default","ocean_header_style":"","ocean_center_header_left_menu":"0","ocean_custom_header_template":"0","ocean_custom_logo":0,"ocean_custom_retina_logo":0,"ocean_custom_logo_max_width":0,"ocean_custom_logo_tablet_max_width":0,"ocean_custom_logo_mobile_max_width":0,"ocean_custom_logo_max_height":0,"ocean_custom_logo_tablet_max_height":0,"ocean_custom_logo_mobile_max_height":0,"ocean_header_custom_menu":"0","ocean_menu_typo_font_family":"0","ocean_menu_typo_font_subset":"","ocean_menu_typo_font_size":0,"ocean_menu_typo_font_size_tablet":0,"ocean_menu_typo_font_size_mobile":0,"ocean_menu_typo_font_size_unit":"px","ocean_menu_typo_font_weight":"","ocean_menu_typo_font_weight_tablet":"","ocean_menu_typo_font_weight_mobile":"","ocean_menu_typo_transform":"","ocean_menu_typo_transform_tablet":"","ocean_menu_typo_transform_mobile":"","ocean_menu_typo_line_height":0,"ocean_menu_typo_line_height_tablet":0,"ocean_menu_typo_line_height_mobile":0,"ocean_menu_typo_line_height_unit":"","ocean_menu_typo_spacing":0,"ocean_menu_typo_spacing_tablet":0,"ocean_menu_typo_spacing_mobile":0,"ocean_menu_typo_spacing_unit":"","ocean_menu_link_color":"","ocean_menu_link_color_hover":"","ocean_menu_link_color_active":"","ocean_menu_link_background":"","ocean_menu_link_hover_background":"","ocean_menu_link_active_background":"","ocean_menu_social_links_bg":"","ocean_menu_social_hover_links_bg":"","ocean_menu_social_links_color":"","ocean_menu_social_hover_links_color":"","ocean_disable_title":"default","ocean_disable_heading":"default","ocean_post_title":"","ocean_post_subheading":"","ocean_post_title_style":"","ocean_post_title_background_color":"","ocean_post_title_background":0,"ocean_post_title_bg_image_position":"","ocean_post_title_bg_image_attachment":"","ocean_post_title_bg_image_repeat":"","ocean_post_title_bg_image_size":"","ocean_post_title_height":0,"ocean_post_title_bg_overlay":0.5,"ocean_post_title_bg_overlay_color":"","ocean_disable_breadcrumbs":"default","ocean_breadcrumbs_color":"","ocean_breadcrumbs_separator_color":"","ocean_breadcrumbs_links_color":"","ocean_breadcrumbs_links_hover_color":"","ocean_display_footer_widgets":"default","ocean_display_footer_bottom":"default","ocean_custom_footer_template":"0","footnotes":""},"class_list":["post-176","page","type-page","status-publish","hentry","entry"],"_links":{"self":[{"href":"https:\/\/www.fischer-messtechnik-2000.de\/index.php\/wp-json\/wp\/v2\/pages\/176","targetHints":{"allow":["GET"]}}],"collection":[{"href":"https:\/\/www.fischer-messtechnik-2000.de\/index.php\/wp-json\/wp\/v2\/pages"}],"about":[{"href":"https:\/\/www.fischer-messtechnik-2000.de\/index.php\/wp-json\/wp\/v2\/types\/page"}],"author":[{"embeddable":true,"href":"https:\/\/www.fischer-messtechnik-2000.de\/index.php\/wp-json\/wp\/v2\/users\/1"}],"replies":[{"embeddable":true,"href":"https:\/\/www.fischer-messtechnik-2000.de\/index.php\/wp-json\/wp\/v2\/comments?post=176"}],"version-history":[{"count":9,"href":"https:\/\/www.fischer-messtechnik-2000.de\/index.php\/wp-json\/wp\/v2\/pages\/176\/revisions"}],"predecessor-version":[{"id":669,"href":"https:\/\/www.fischer-messtechnik-2000.de\/index.php\/wp-json\/wp\/v2\/pages\/176\/revisions\/669"}],"wp:attachment":[{"href":"https:\/\/www.fischer-messtechnik-2000.de\/index.php\/wp-json\/wp\/v2\/media?parent=176"}],"curies":[{"name":"wp","href":"https:\/\/api.w.org\/{rel}","templated":true}]}}