{"id":173,"date":"2018-11-25T20:33:31","date_gmt":"2018-11-25T19:33:31","guid":{"rendered":"https:\/\/fischer-messtechnik-2000.de\/?page_id=173"},"modified":"2019-10-30T21:56:13","modified_gmt":"2019-10-30T20:56:13","slug":"heizkostenverteiler-2","status":"publish","type":"page","link":"https:\/\/www.fischer-messtechnik-2000.de\/index.php\/heizkostenverteiler-2\/","title":{"rendered":"Heizkostenverteiler"},"content":{"rendered":"\t\t<div data-elementor-type=\"wp-page\" data-elementor-id=\"173\" class=\"elementor elementor-173\">\n\t\t\t\t\t\t<section class=\"elementor-section elementor-top-section elementor-element elementor-element-56a2e320 elementor-section-boxed elementor-section-height-default elementor-section-height-default\" data-id=\"56a2e320\" data-element_type=\"section\">\n\t\t\t\t\t\t<div class=\"elementor-container elementor-column-gap-default\">\n\t\t\t\t\t<div class=\"elementor-column elementor-col-100 elementor-top-column elementor-element elementor-element-2996607a\" data-id=\"2996607a\" data-element_type=\"column\">\n\t\t\t<div class=\"elementor-widget-wrap elementor-element-populated\">\n\t\t\t\t\t\t<div class=\"elementor-element elementor-element-470f9459 elementor-widget elementor-widget-text-editor\" data-id=\"470f9459\" data-element_type=\"widget\" data-widget_type=\"text-editor.default\">\n\t\t\t\t<div class=\"elementor-widget-container\">\n\t\t\t\t\t\t\t\t\t<p>\u00a0<\/p><p><strong><span style=\"font-family: arial, helvetica, sans-serif; font-size: 16pt; color: #000000;\"><img fetchpriority=\"high\" decoding=\"async\" class=\"wp-image-627 alignleft\" src=\"https:\/\/fischer-messtechnik-2000.de\/wp-content\/uploads\/2019\/10\/QUNDIS_Q_caloric5.5.png\" alt=\"\" width=\"300\" height=\"300\" srcset=\"https:\/\/www.fischer-messtechnik-2000.de\/wp-content\/uploads\/2019\/10\/QUNDIS_Q_caloric5.5.png 1000w, https:\/\/www.fischer-messtechnik-2000.de\/wp-content\/uploads\/2019\/10\/QUNDIS_Q_caloric5.5-150x150.png 150w, https:\/\/www.fischer-messtechnik-2000.de\/wp-content\/uploads\/2019\/10\/QUNDIS_Q_caloric5.5-300x300.png 300w, https:\/\/www.fischer-messtechnik-2000.de\/wp-content\/uploads\/2019\/10\/QUNDIS_Q_caloric5.5-768x768.png 768w\" sizes=\"(max-width: 300px) 100vw, 300px\" \/>Was ist ein Heizkostenverteiler?<\/span><\/strong><\/p><p><span style=\"font-family: arial, helvetica, sans-serif; font-size: 14pt; color: #000000;\">Ein Heizkostenverteiler misst den relativen W\u00e4rmeverbrauchsanteil eines Heizk\u00f6rpers. Daf\u00fcr wird dieser direkt an dem betreffenden Heizk\u00f6rper angebracht. Die Methodik der Messung liegt darin, den Temperaturunterschied zwischen Heizk\u00f6rper und Raumtemperatur festzustellen. Anhand einer Umrechnungstabelle mit W\u00e4rme\u00fcbergangswerten, die f\u00fcr jeden Heizk\u00f6rpertyp extra bestehen, errechnet sich dann der tats\u00e4chliche Energieverbrauch.<\/span><\/p><p><span style=\"font-family: arial, helvetica, sans-serif; font-size: 14pt; color: #000000;\">Um Messungenauigkeiten m\u00f6glichst auszugleichen, \u201ekennen\u201c die Heizkostenverteiler den Unterschied zwischen Sommer und Winter. Sowohl die Ein-, als auch die 2-F\u00fchler-Modelle von QUNDIS bieten Ihnen dabei typabh\u00e4ngig die bestm\u00f6glichen Messwerte.<\/span><\/p><p><strong><span style=\"font-family: arial, helvetica, sans-serif; font-size: 16pt; color: #000000;\">Die verschiedenen Typen von Heizkostenverteilern<\/span><\/strong><\/p><p><span style=\"font-family: arial, helvetica, sans-serif; font-size: 14pt; color: #000000;\">Die verschiedenen Heizkostenverteiler Q caloric von QUNDIS unterscheiden sich durch die Anzahl der Temperaturf\u00fchler. Einf\u00fchler-Modelle sind simpler aufgebaut, da diese die Raumtemperatur nicht separat erfassen, sondern von einem festen Wert ausgehen. 2-F\u00fchler-Modelle messen die Heizk\u00f6rpertemperatur direkt am Ger\u00e4t und die Raumtemperatur an der optimalen Stelle. Daher bieten die 2-F\u00fchler-Modelle von Q caloric noch exaktere Messwerte. Zudem gibt es Fernf\u00fchler-Modelle, womit die W\u00e4rmeabgabe ganz spezieller Heizk\u00f6rpertypen oder schlecht zug\u00e4nglicher Heizk\u00f6rper erfasst werden kann.<\/span><\/p>\t\t\t\t\t\t\t\t<\/div>\n\t\t\t\t<\/div>\n\t\t\t\t\t<\/div>\n\t\t<\/div>\n\t\t\t\t\t<\/div>\n\t\t<\/section>\n\t\t\t\t<\/div>\n\t\t","protected":false},"excerpt":{"rendered":"<p>\u00a0 Was ist ein Heizkostenverteiler? Ein Heizkostenverteiler misst den relativen W\u00e4rmeverbrauchsanteil eines Heizk\u00f6rpers. Daf\u00fcr wird dieser direkt an dem betreffenden Heizk\u00f6rper angebracht. Die Methodik der Messung liegt darin, den Temperaturunterschied zwischen Heizk\u00f6rper und Raumtemperatur festzustellen. Anhand einer Umrechnungstabelle mit W\u00e4rme\u00fcbergangswerten, die f\u00fcr jeden Heizk\u00f6rpertyp extra bestehen, errechnet sich dann der tats\u00e4chliche Energieverbrauch. Um Messungenauigkeiten m\u00f6glichst [&hellip;]<\/p>\n","protected":false},"author":1,"featured_media":0,"parent":0,"menu_order":0,"comment_status":"closed","ping_status":"closed","template":"","meta":{"ocean_post_layout":"full-width","ocean_both_sidebars_style":"","ocean_both_sidebars_content_width":0,"ocean_both_sidebars_sidebars_width":0,"ocean_sidebar":"0","ocean_second_sidebar":"0","ocean_disable_margins":"enable","ocean_add_body_class":"","ocean_shortcode_before_top_bar":"","ocean_shortcode_after_top_bar":"","ocean_shortcode_before_header":"","ocean_shortcode_after_header":"","ocean_has_shortcode":"","ocean_shortcode_after_title":"","ocean_shortcode_before_footer_widgets":"","ocean_shortcode_after_footer_widgets":"","ocean_shortcode_before_footer_bottom":"","ocean_shortcode_after_footer_bottom":"","ocean_display_top_bar":"default","ocean_display_header":"default","ocean_header_style":"","ocean_center_header_left_menu":"0","ocean_custom_header_template":"0","ocean_custom_logo":0,"ocean_custom_retina_logo":0,"ocean_custom_logo_max_width":0,"ocean_custom_logo_tablet_max_width":0,"ocean_custom_logo_mobile_max_width":0,"ocean_custom_logo_max_height":0,"ocean_custom_logo_tablet_max_height":0,"ocean_custom_logo_mobile_max_height":0,"ocean_header_custom_menu":"0","ocean_menu_typo_font_family":"0","ocean_menu_typo_font_subset":"","ocean_menu_typo_font_size":0,"ocean_menu_typo_font_size_tablet":0,"ocean_menu_typo_font_size_mobile":0,"ocean_menu_typo_font_size_unit":"px","ocean_menu_typo_font_weight":"","ocean_menu_typo_font_weight_tablet":"","ocean_menu_typo_font_weight_mobile":"","ocean_menu_typo_transform":"","ocean_menu_typo_transform_tablet":"","ocean_menu_typo_transform_mobile":"","ocean_menu_typo_line_height":0,"ocean_menu_typo_line_height_tablet":0,"ocean_menu_typo_line_height_mobile":0,"ocean_menu_typo_line_height_unit":"","ocean_menu_typo_spacing":0,"ocean_menu_typo_spacing_tablet":0,"ocean_menu_typo_spacing_mobile":0,"ocean_menu_typo_spacing_unit":"","ocean_menu_link_color":"","ocean_menu_link_color_hover":"","ocean_menu_link_color_active":"","ocean_menu_link_background":"","ocean_menu_link_hover_background":"","ocean_menu_link_active_background":"","ocean_menu_social_links_bg":"","ocean_menu_social_hover_links_bg":"","ocean_menu_social_links_color":"","ocean_menu_social_hover_links_color":"","ocean_disable_title":"default","ocean_disable_heading":"default","ocean_post_title":"","ocean_post_subheading":"","ocean_post_title_style":"","ocean_post_title_background_color":"","ocean_post_title_background":0,"ocean_post_title_bg_image_position":"","ocean_post_title_bg_image_attachment":"","ocean_post_title_bg_image_repeat":"","ocean_post_title_bg_image_size":"","ocean_post_title_height":0,"ocean_post_title_bg_overlay":0.5,"ocean_post_title_bg_overlay_color":"","ocean_disable_breadcrumbs":"default","ocean_breadcrumbs_color":"","ocean_breadcrumbs_separator_color":"","ocean_breadcrumbs_links_color":"","ocean_breadcrumbs_links_hover_color":"","ocean_display_footer_widgets":"default","ocean_display_footer_bottom":"default","ocean_custom_footer_template":"0","footnotes":""},"class_list":["post-173","page","type-page","status-publish","hentry","entry"],"_links":{"self":[{"href":"https:\/\/www.fischer-messtechnik-2000.de\/index.php\/wp-json\/wp\/v2\/pages\/173","targetHints":{"allow":["GET"]}}],"collection":[{"href":"https:\/\/www.fischer-messtechnik-2000.de\/index.php\/wp-json\/wp\/v2\/pages"}],"about":[{"href":"https:\/\/www.fischer-messtechnik-2000.de\/index.php\/wp-json\/wp\/v2\/types\/page"}],"author":[{"embeddable":true,"href":"https:\/\/www.fischer-messtechnik-2000.de\/index.php\/wp-json\/wp\/v2\/users\/1"}],"replies":[{"embeddable":true,"href":"https:\/\/www.fischer-messtechnik-2000.de\/index.php\/wp-json\/wp\/v2\/comments?post=173"}],"version-history":[{"count":3,"href":"https:\/\/www.fischer-messtechnik-2000.de\/index.php\/wp-json\/wp\/v2\/pages\/173\/revisions"}],"predecessor-version":[{"id":632,"href":"https:\/\/www.fischer-messtechnik-2000.de\/index.php\/wp-json\/wp\/v2\/pages\/173\/revisions\/632"}],"wp:attachment":[{"href":"https:\/\/www.fischer-messtechnik-2000.de\/index.php\/wp-json\/wp\/v2\/media?parent=173"}],"curies":[{"name":"wp","href":"https:\/\/api.w.org\/{rel}","templated":true}]}}