{"id":143,"date":"2018-11-25T18:44:40","date_gmt":"2018-11-25T17:44:40","guid":{"rendered":"https:\/\/fischer-messtechnik-2000.de\/?page_id=143"},"modified":"2019-10-21T23:29:40","modified_gmt":"2019-10-21T21:29:40","slug":"betriebskosten","status":"publish","type":"page","link":"https:\/\/www.fischer-messtechnik-2000.de\/index.php\/betriebskosten\/","title":{"rendered":"Betriebskosten"},"content":{"rendered":"\t\t<div data-elementor-type=\"wp-post\" data-elementor-id=\"143\" class=\"elementor elementor-143\">\n\t\t\t\t\t\t<section class=\"elementor-section elementor-top-section elementor-element elementor-element-26fb9fa elementor-section-boxed elementor-section-height-default elementor-section-height-default\" data-id=\"26fb9fa\" data-element_type=\"section\">\n\t\t\t\t\t\t<div class=\"elementor-container elementor-column-gap-default\">\n\t\t\t\t\t<div class=\"elementor-column elementor-col-100 elementor-top-column elementor-element elementor-element-4125872\" data-id=\"4125872\" data-element_type=\"column\">\n\t\t\t<div class=\"elementor-widget-wrap elementor-element-populated\">\n\t\t\t\t\t\t<div class=\"elementor-element elementor-element-43c995c elementor-widget elementor-widget-toggle\" data-id=\"43c995c\" data-element_type=\"widget\" data-widget_type=\"toggle.default\">\n\t\t\t\t<div class=\"elementor-widget-container\">\n\t\t\t\t\t\t\t<div class=\"elementor-toggle\">\n\t\t\t\t\t\t\t<div class=\"elementor-toggle-item\">\n\t\t\t\t\t<div id=\"elementor-tab-title-7101\" class=\"elementor-tab-title\" data-tab=\"1\" role=\"button\" aria-controls=\"elementor-tab-content-7101\" aria-expanded=\"false\">\n\t\t\t\t\t\t\t\t\t\t\t\t<span class=\"elementor-toggle-icon elementor-toggle-icon-left\" aria-hidden=\"true\">\n\t\t\t\t\t\t\t\t\t\t\t\t\t\t\t<span class=\"elementor-toggle-icon-closed\"><i class=\"fas fa-caret-right\"><\/i><\/span>\n\t\t\t\t\t\t\t\t<span class=\"elementor-toggle-icon-opened\"><i class=\"elementor-toggle-icon-opened fas fa-caret-up\"><\/i><\/span>\n\t\t\t\t\t\t\t\t\t\t\t\t\t<\/span>\n\t\t\t\t\t\t\t\t\t\t\t\t<a class=\"elementor-toggle-title\" tabindex=\"0\">BGH vereinfacht erneut formelle Anforderungen bei Betriebskostenabrechnungen<\/a>\n\t\t\t\t\t<\/div>\n\n\t\t\t\t\t<div id=\"elementor-tab-content-7101\" class=\"elementor-tab-content elementor-clearfix\" data-tab=\"1\" role=\"region\" aria-labelledby=\"elementor-tab-title-7101\"><p><span style=\"font-size: 14pt;\"><span style=\"font-family: arial, helvetica, sans-serif;\">Zur formellen Ordnungsgem\u00e4\u00dfheit einer Betriebskostenabrechnung gen\u00fcgt es hinsichtlich der Angabe der &#8222;Gesamtkosten&#8220;, wenn der Vermieter bei der jeweiligen Betriebskostenart den Gesamtbetrag angibt, den er auf die Wohnungsmieter der gew\u00e4hlten <\/span>Abrechnungseinheit umlegt. Dies gilt auch dann, wenn der Vermieter diesen Gesamtbetrag vorab um nicht auf den Mieter umlagef\u00e4hige Kostenanteile bereinigt hat; einer Angabe und Erl\u00e4uterung der zum angesetzten Gesamtbetrag f\u00fchrenden Rechenschritte bedarf es nicht (Aufgabe der Senatsrechtsprechung; vgl. Senatsurteile vom 14. Februar 2007 &#8211; VIII ZR 1\/06 und vom 9. Oktober 2013 &#8211; VIII ZR 22\/13).<\/span><\/p><p><span style=\"font-size: 14pt;\">(Beschluss des BGH vom 20.01.2016, Az.: VIII ZR 93\/15)<\/span><\/p><\/div>\n\t\t\t\t<\/div>\n\t\t\t\t\t\t\t<div class=\"elementor-toggle-item\">\n\t\t\t\t\t<div id=\"elementor-tab-title-7102\" class=\"elementor-tab-title\" data-tab=\"2\" role=\"button\" aria-controls=\"elementor-tab-content-7102\" aria-expanded=\"false\">\n\t\t\t\t\t\t\t\t\t\t\t\t<span class=\"elementor-toggle-icon elementor-toggle-icon-left\" aria-hidden=\"true\">\n\t\t\t\t\t\t\t\t\t\t\t\t\t\t\t<span class=\"elementor-toggle-icon-closed\"><i class=\"fas fa-caret-right\"><\/i><\/span>\n\t\t\t\t\t\t\t\t<span class=\"elementor-toggle-icon-opened\"><i class=\"elementor-toggle-icon-opened fas fa-caret-up\"><\/i><\/span>\n\t\t\t\t\t\t\t\t\t\t\t\t\t<\/span>\n\t\t\t\t\t\t\t\t\t\t\t\t<a class=\"elementor-toggle-title\" tabindex=\"0\">Keinen Anspruch auf \u00dcberlassung von Fotokopien der Abrechnungsbelege zur Betriebskostenabrechnung<\/a>\n\t\t\t\t\t<\/div>\n\n\t\t\t\t\t<div id=\"elementor-tab-content-7102\" class=\"elementor-tab-content elementor-clearfix\" data-tab=\"2\" role=\"region\" aria-labelledby=\"elementor-tab-title-7102\"><p><span style=\"font-family: arial, helvetica, sans-serif; font-size: 14pt;\">Der Mieter preisfreien Wohnraums hat grunds\u00e4tzlich keinen Anspruch gegen den Vermieter auf \u00dcberlassung von Fotokopien der Abrechnungsbelege zur Betriebskostenabrechnung. Ein Anspruch des Mieters auf \u00dcbermittlung von Fotokopien von Rechnungsbelegen kommt nach Treu und Glauben (\u00a7 242 BGB) nur ausnahmsweise dann in Betracht, wenn ihm die Einsichtnahme in die Abrechnungsunterlagen in den R\u00e4umen des Vermieters nicht zugemutet werden kann. Die F\u00e4lligkeit einer Nebenkostennachforderung gem. \u00a7 271 BGB tritt mit dem Zugang einer formell ordnungsgem\u00e4\u00dfen Abrechnung ein, ohne das dem Mieter eine Pr\u00fcfungsfrist zusteht.<\/span><\/p><p><span style=\"font-family: arial, helvetica, sans-serif; font-size: 14pt;\">(Urteil des BGH vom 8.3.2006, Az. VIII 2R78\/05)<\/span><\/p><\/div>\n\t\t\t\t<\/div>\n\t\t\t\t\t\t\t\t<\/div>\n\t\t\t\t\t\t<\/div>\n\t\t\t\t<\/div>\n\t\t\t\t\t<\/div>\n\t\t<\/div>\n\t\t\t\t\t<\/div>\n\t\t<\/section>\n\t\t\t\t<\/div>\n\t\t","protected":false},"excerpt":{"rendered":"<p>BGH vereinfacht erneut formelle Anforderungen bei Betriebskostenabrechnungen Zur formellen Ordnungsgem\u00e4\u00dfheit einer Betriebskostenabrechnung gen\u00fcgt es hinsichtlich der Angabe der &#8220;Gesamtkosten&#8221;, wenn der Vermieter bei der jeweiligen Betriebskostenart den Gesamtbetrag angibt, den er auf die Wohnungsmieter der gew\u00e4hlten Abrechnungseinheit umlegt. Dies gilt auch dann, wenn der Vermieter diesen Gesamtbetrag vorab um nicht auf den Mieter umlagef\u00e4hige Kostenanteile [&hellip;]<\/p>\n","protected":false},"author":1,"featured_media":0,"parent":0,"menu_order":0,"comment_status":"closed","ping_status":"closed","template":"","meta":{"ocean_post_layout":"full-width","ocean_both_sidebars_style":"","ocean_both_sidebars_content_width":0,"ocean_both_sidebars_sidebars_width":0,"ocean_sidebar":"0","ocean_second_sidebar":"0","ocean_disable_margins":"enable","ocean_add_body_class":"","ocean_shortcode_before_top_bar":"","ocean_shortcode_after_top_bar":"","ocean_shortcode_before_header":"","ocean_shortcode_after_header":"","ocean_has_shortcode":"","ocean_shortcode_after_title":"","ocean_shortcode_before_footer_widgets":"","ocean_shortcode_after_footer_widgets":"","ocean_shortcode_before_footer_bottom":"","ocean_shortcode_after_footer_bottom":"","ocean_display_top_bar":"default","ocean_display_header":"default","ocean_header_style":"","ocean_center_header_left_menu":"0","ocean_custom_header_template":"0","ocean_custom_logo":0,"ocean_custom_retina_logo":0,"ocean_custom_logo_max_width":0,"ocean_custom_logo_tablet_max_width":0,"ocean_custom_logo_mobile_max_width":0,"ocean_custom_logo_max_height":0,"ocean_custom_logo_tablet_max_height":0,"ocean_custom_logo_mobile_max_height":0,"ocean_header_custom_menu":"0","ocean_menu_typo_font_family":"0","ocean_menu_typo_font_subset":"","ocean_menu_typo_font_size":0,"ocean_menu_typo_font_size_tablet":0,"ocean_menu_typo_font_size_mobile":0,"ocean_menu_typo_font_size_unit":"px","ocean_menu_typo_font_weight":"","ocean_menu_typo_font_weight_tablet":"","ocean_menu_typo_font_weight_mobile":"","ocean_menu_typo_transform":"","ocean_menu_typo_transform_tablet":"","ocean_menu_typo_transform_mobile":"","ocean_menu_typo_line_height":0,"ocean_menu_typo_line_height_tablet":0,"ocean_menu_typo_line_height_mobile":0,"ocean_menu_typo_line_height_unit":"","ocean_menu_typo_spacing":0,"ocean_menu_typo_spacing_tablet":0,"ocean_menu_typo_spacing_mobile":0,"ocean_menu_typo_spacing_unit":"","ocean_menu_link_color":"","ocean_menu_link_color_hover":"","ocean_menu_link_color_active":"","ocean_menu_link_background":"","ocean_menu_link_hover_background":"","ocean_menu_link_active_background":"","ocean_menu_social_links_bg":"","ocean_menu_social_hover_links_bg":"","ocean_menu_social_links_color":"","ocean_menu_social_hover_links_color":"","ocean_disable_title":"default","ocean_disable_heading":"default","ocean_post_title":"","ocean_post_subheading":"","ocean_post_title_style":"","ocean_post_title_background_color":"","ocean_post_title_background":0,"ocean_post_title_bg_image_position":"","ocean_post_title_bg_image_attachment":"","ocean_post_title_bg_image_repeat":"","ocean_post_title_bg_image_size":"","ocean_post_title_height":0,"ocean_post_title_bg_overlay":0.5,"ocean_post_title_bg_overlay_color":"","ocean_disable_breadcrumbs":"default","ocean_breadcrumbs_color":"","ocean_breadcrumbs_separator_color":"","ocean_breadcrumbs_links_color":"","ocean_breadcrumbs_links_hover_color":"","ocean_display_footer_widgets":"default","ocean_display_footer_bottom":"default","ocean_custom_footer_template":"0","footnotes":""},"class_list":["post-143","page","type-page","status-publish","hentry","entry"],"_links":{"self":[{"href":"https:\/\/www.fischer-messtechnik-2000.de\/index.php\/wp-json\/wp\/v2\/pages\/143","targetHints":{"allow":["GET"]}}],"collection":[{"href":"https:\/\/www.fischer-messtechnik-2000.de\/index.php\/wp-json\/wp\/v2\/pages"}],"about":[{"href":"https:\/\/www.fischer-messtechnik-2000.de\/index.php\/wp-json\/wp\/v2\/types\/page"}],"author":[{"embeddable":true,"href":"https:\/\/www.fischer-messtechnik-2000.de\/index.php\/wp-json\/wp\/v2\/users\/1"}],"replies":[{"embeddable":true,"href":"https:\/\/www.fischer-messtechnik-2000.de\/index.php\/wp-json\/wp\/v2\/comments?post=143"}],"version-history":[{"count":4,"href":"https:\/\/www.fischer-messtechnik-2000.de\/index.php\/wp-json\/wp\/v2\/pages\/143\/revisions"}],"predecessor-version":[{"id":530,"href":"https:\/\/www.fischer-messtechnik-2000.de\/index.php\/wp-json\/wp\/v2\/pages\/143\/revisions\/530"}],"wp:attachment":[{"href":"https:\/\/www.fischer-messtechnik-2000.de\/index.php\/wp-json\/wp\/v2\/media?parent=143"}],"curies":[{"name":"wp","href":"https:\/\/api.w.org\/{rel}","templated":true}]}}