{"id":10,"date":"2018-11-18T12:28:42","date_gmt":"2018-11-18T11:28:42","guid":{"rendered":"https:\/\/fischer-messtechnik-2000.de\/?page_id=10"},"modified":"2026-04-29T18:15:42","modified_gmt":"2026-04-29T16:15:42","slug":"home","status":"publish","type":"page","link":"https:\/\/www.fischer-messtechnik-2000.de\/","title":{"rendered":"Home"},"content":{"rendered":"\t\t<div data-elementor-type=\"wp-post\" data-elementor-id=\"10\" class=\"elementor elementor-10\">\n\t\t\t\t\t\t<section class=\"elementor-section elementor-top-section elementor-element elementor-element-f2241ec elementor-section-boxed elementor-section-height-default elementor-section-height-default\" data-id=\"f2241ec\" data-element_type=\"section\">\n\t\t\t\t\t\t<div class=\"elementor-container elementor-column-gap-default\">\n\t\t\t\t\t<div class=\"elementor-column elementor-col-100 elementor-top-column elementor-element elementor-element-f831dea\" data-id=\"f831dea\" data-element_type=\"column\">\n\t\t\t<div class=\"elementor-widget-wrap elementor-element-populated\">\n\t\t\t\t\t\t<div class=\"elementor-element elementor-element-53d448b elementor-widget__width-initial elementor-widget elementor-widget-image\" data-id=\"53d448b\" data-element_type=\"widget\" data-widget_type=\"image.default\">\n\t\t\t\t<div class=\"elementor-widget-container\">\n\t\t\t\t\t\t\t\t\t\t\t\t\t\t\t<img decoding=\"async\" src=\"https:\/\/www.fischer-messtechnik-2000.de\/wp-content\/uploads\/2019\/10\/Wassertropfen.jpg\" title=\"\" alt=\"\" loading=\"lazy\" \/>\t\t\t\t\t\t\t\t\t\t\t\t\t\t\t<\/div>\n\t\t\t\t<\/div>\n\t\t\t\t\t<\/div>\n\t\t<\/div>\n\t\t\t\t\t<\/div>\n\t\t<\/section>\n\t\t\t\t<section class=\"elementor-section elementor-top-section elementor-element elementor-element-25c37e8 elementor-section-boxed elementor-section-height-default elementor-section-height-default\" data-id=\"25c37e8\" data-element_type=\"section\">\n\t\t\t\t\t\t<div class=\"elementor-container elementor-column-gap-default\">\n\t\t\t\t\t<div class=\"elementor-column elementor-col-100 elementor-top-column elementor-element elementor-element-ed5f188\" data-id=\"ed5f188\" data-element_type=\"column\">\n\t\t\t<div class=\"elementor-widget-wrap elementor-element-populated\">\n\t\t\t\t\t\t<div class=\"elementor-element elementor-element-a15c840 elementor-widget__width-initial elementor-widget elementor-widget-spacer\" data-id=\"a15c840\" data-element_type=\"widget\" data-widget_type=\"spacer.default\">\n\t\t\t\t<div class=\"elementor-widget-container\">\n\t\t\t\t\t\t\t<div class=\"elementor-spacer\">\n\t\t\t<div class=\"elementor-spacer-inner\"><\/div>\n\t\t<\/div>\n\t\t\t\t\t\t<\/div>\n\t\t\t\t<\/div>\n\t\t\t\t\t<\/div>\n\t\t<\/div>\n\t\t\t\t\t<\/div>\n\t\t<\/section>\n\t\t\t\t<section class=\"elementor-section elementor-top-section elementor-element elementor-element-e3a08ff elementor-section-boxed elementor-section-height-default elementor-section-height-default\" data-id=\"e3a08ff\" data-element_type=\"section\">\n\t\t\t\t\t\t<div class=\"elementor-container elementor-column-gap-default\">\n\t\t\t\t\t<div class=\"elementor-column elementor-col-50 elementor-top-column elementor-element elementor-element-f010d60\" data-id=\"f010d60\" data-element_type=\"column\">\n\t\t\t<div class=\"elementor-widget-wrap elementor-element-populated\">\n\t\t\t\t\t\t<div class=\"elementor-element elementor-element-7018535 elementor-widget elementor-widget-text-editor\" data-id=\"7018535\" data-element_type=\"widget\" data-widget_type=\"text-editor.default\">\n\t\t\t\t<div class=\"elementor-widget-container\">\n\t\t\t\t\t\t\t\t\t<h1><span style=\"font-family: arial, helvetica, sans-serif; font-size: 22pt;\">Willkommen bei<\/span><br \/><span style=\"font-family: arial, helvetica, sans-serif; font-size: 22pt;\">Fischer Messtechnik<\/span><\/h1><p><span style=\"font-family: arial, helvetica, sans-serif; font-size: 14pt;\">Leisten Sie mit uns einen wertvollen Beitrag zu\u00a0<\/span><br \/><span style=\"font-family: arial, helvetica, sans-serif; font-size: 14pt;\">einem bewussten Umgang mit Gas, Strom,\u00a0<\/span><br \/><span style=\"font-family: arial, helvetica, sans-serif; font-size: 14pt;\">Wasser und W\u00e4rme.<\/span><\/p><p><span style=\"font-family: arial, helvetica, sans-serif; font-size: 14pt;\">F\u00fcr Hauseigent\u00fcmer, Hausverwalter oder Energieversorgungsunternehmen bieten wir eine Angebotspalette, welche von der Lieferung und Installation \u00fcber die Verbrauchserfassung und Wartung bis zur optimierten Kundenabrechnung reicht.<\/span><\/p><p><span style=\"font-family: arial, helvetica, sans-serif; font-size: 14pt;\">Wir sind Mitglied in der\u00a0<\/span><br \/><span style=\"font-family: arial, helvetica, sans-serif; font-size: 14pt;\">Fachvereinigung Heizkostenverteiler,\u00a0<\/span><br \/><span style=\"font-family: arial, helvetica, sans-serif; font-size: 14pt;\">W\u00e4rmekostenabrechnung e.V.<\/span><\/p>\t\t\t\t\t\t\t\t<\/div>\n\t\t\t\t<\/div>\n\t\t\t\t\t<\/div>\n\t\t<\/div>\n\t\t\t\t<div class=\"elementor-column elementor-col-50 elementor-top-column elementor-element elementor-element-2ef9887\" data-id=\"2ef9887\" data-element_type=\"column\">\n\t\t\t<div class=\"elementor-widget-wrap elementor-element-populated\">\n\t\t\t\t\t\t<div class=\"elementor-element elementor-element-2bf3be0 elementor-align-left elementor-widget__width-initial elementor-absolute elementor-widget elementor-widget-button\" data-id=\"2bf3be0\" data-element_type=\"widget\" data-settings=\"{&quot;_position&quot;:&quot;absolute&quot;}\" data-widget_type=\"button.default\">\n\t\t\t\t<div class=\"elementor-widget-container\">\n\t\t\t\t\t\t\t\t\t<div class=\"elementor-button-wrapper\">\n\t\t\t\t\t<a class=\"elementor-button elementor-button-link elementor-size-md\" href=\"https:\/\/fmt.prohka-cloud.de\/login\">\n\t\t\t\t\t\t<span class=\"elementor-button-content-wrapper\">\n\t\t\t\t\t\t<span class=\"elementor-button-icon\">\n\t\t\t\t<i aria-hidden=\"true\" class=\"far fa-user\"><\/i>\t\t\t<\/span>\n\t\t\t\t\t\t\t\t\t<span class=\"elementor-button-text\">Kundenportal + UVI Login<\/span>\n\t\t\t\t\t<\/span>\n\t\t\t\t\t<\/a>\n\t\t\t\t<\/div>\n\t\t\t\t\t\t\t\t<\/div>\n\t\t\t\t<\/div>\n\t\t\t\t<div class=\"elementor-element elementor-element-abf2df3 elementor-absolute elementor-widget elementor-widget-image\" data-id=\"abf2df3\" data-element_type=\"widget\" data-settings=\"{&quot;_position&quot;:&quot;absolute&quot;}\" data-widget_type=\"image.default\">\n\t\t\t\t<div class=\"elementor-widget-container\">\n\t\t\t\t\t\t\t\t\t\t\t\t\t\t\t<img decoding=\"async\" src=\"https:\/\/www.fischer-messtechnik-2000.de\/wp-content\/uploads\/2019\/10\/Systemhaus.jpg\" title=\"\" alt=\"\" loading=\"lazy\" \/>\t\t\t\t\t\t\t\t\t\t\t\t\t\t\t<\/div>\n\t\t\t\t<\/div>\n\t\t\t\t\t<\/div>\n\t\t<\/div>\n\t\t\t\t\t<\/div>\n\t\t<\/section>\n\t\t\t\t<section class=\"elementor-section elementor-top-section elementor-element elementor-element-3103db7 elementor-section-boxed elementor-section-height-default elementor-section-height-default\" data-id=\"3103db7\" data-element_type=\"section\">\n\t\t\t\t\t\t<div class=\"elementor-container elementor-column-gap-default\">\n\t\t\t\t\t<div class=\"elementor-column elementor-col-100 elementor-top-column elementor-element elementor-element-dd32ec4\" data-id=\"dd32ec4\" data-element_type=\"column\">\n\t\t\t<div class=\"elementor-widget-wrap elementor-element-populated\">\n\t\t\t\t\t\t<div class=\"elementor-element elementor-element-6e24c92 elementor-widget-divider--view-line elementor-widget elementor-widget-divider\" data-id=\"6e24c92\" data-element_type=\"widget\" data-widget_type=\"divider.default\">\n\t\t\t\t<div class=\"elementor-widget-container\">\n\t\t\t\t\t\t\t<div class=\"elementor-divider\">\n\t\t\t<span class=\"elementor-divider-separator\">\n\t\t\t\t\t\t<\/span>\n\t\t<\/div>\n\t\t\t\t\t\t<\/div>\n\t\t\t\t<\/div>\n\t\t\t\t<section class=\"elementor-section elementor-inner-section elementor-element elementor-element-24e7b59 elementor-section-boxed elementor-section-height-default elementor-section-height-default\" data-id=\"24e7b59\" data-element_type=\"section\">\n\t\t\t\t\t\t<div class=\"elementor-container elementor-column-gap-default\">\n\t\t\t\t\t<div class=\"elementor-column elementor-col-50 elementor-inner-column elementor-element elementor-element-dcfa9fb\" data-id=\"dcfa9fb\" data-element_type=\"column\">\n\t\t\t<div class=\"elementor-widget-wrap elementor-element-populated\">\n\t\t\t\t\t\t<div class=\"elementor-element elementor-element-6a6f6fe elementor-widget elementor-widget-text-editor\" data-id=\"6a6f6fe\" data-element_type=\"widget\" data-widget_type=\"text-editor.default\">\n\t\t\t\t<div class=\"elementor-widget-container\">\n\t\t\t\t\t\t\t\t\t<p style=\"font-weight: 400;\"><span style=\"font-style: inherit; font-weight: inherit; font-size: 18pt; font-family: arial, helvetica, sans-serif;\"><strong style=\"font-style: inherit; font-weight: 600;\">Ansprechpartner<\/strong><\/span><\/p><p style=\"font-weight: 400;\"><span style=\"font-style: inherit; font-weight: inherit; font-size: 14pt; font-family: arial, helvetica, sans-serif;\">KONTAKT<\/span><\/p><p style=\"font-weight: 400;\"><span style=\"font-style: inherit; font-weight: inherit; font-size: 14pt; font-family: arial, helvetica, sans-serif;\">Fischer Messtechnik<\/span><\/p><p style=\"font-weight: 400;\"><span style=\"font-style: inherit; font-weight: inherit; font-size: 14pt; font-family: arial, helvetica, sans-serif;\">Ansprechpartner: Fischer J\u00fcrgen<\/span><\/p><p style=\"font-weight: 400;\"><span style=\"font-style: inherit; font-weight: inherit; font-size: 14pt; font-family: arial, helvetica, sans-serif;\">Fischbachstr. 20, 91481 M\u00fcnchsteinach<\/span><\/p><p style=\"font-weight: 400;\"><span style=\"font-style: inherit; font-weight: inherit; font-size: 14pt; font-family: arial, helvetica, sans-serif;\">Telefon: 09166\/996470<\/span><\/p><p><span style=\"font-family: arial, helvetica, sans-serif;\"><span style=\"font-size: 18.6667px;\">E-Mail: info@fischer-waermemessdienst.de<\/span><\/span><\/p><p style=\"font-weight: 400;\">\u00a0<\/p>\t\t\t\t\t\t\t\t<\/div>\n\t\t\t\t<\/div>\n\t\t\t\t\t<\/div>\n\t\t<\/div>\n\t\t\t\t<div class=\"elementor-column elementor-col-50 elementor-inner-column elementor-element elementor-element-402edb7\" data-id=\"402edb7\" data-element_type=\"column\">\n\t\t\t<div class=\"elementor-widget-wrap elementor-element-populated\">\n\t\t\t\t\t\t<div class=\"elementor-element elementor-element-e624b99 elementor-widget elementor-widget-text-editor\" data-id=\"e624b99\" data-element_type=\"widget\" data-widget_type=\"text-editor.default\">\n\t\t\t\t<div class=\"elementor-widget-container\">\n\t\t\t\t\t\t\t\t\t<p><span style=\"font-size: 16pt;\"><strong><span style=\"font-family: arial, helvetica, sans-serif;\">Telefonzeiten:<\/span><\/strong><\/span><\/p><p><span style=\"font-size: 14pt; font-family: arial, helvetica, sans-serif;\"> Montag: 08:00-12:00<\/span><\/p><p><span style=\"font-size: 14pt; font-family: arial, helvetica, sans-serif;\">Dienstag: 08:00-12:00<\/span><\/p><p><span style=\"font-size: 14pt; font-family: arial, helvetica, sans-serif;\">Mittwoch: 08:00-12:00<\/span><\/p><p><span style=\"font-size: 14pt; font-family: arial, helvetica, sans-serif;\">Donnerstag: 08:00-12:00<\/span><\/p><p><span style=\"font-size: 14pt; font-family: arial, helvetica, sans-serif;\">Freitag: Geschlossen<\/span><\/p><p><span style=\"font-size: 14pt; font-family: arial, helvetica, sans-serif;\">Samstag: Geschlossen<\/span><\/p><p><span style=\"font-size: 14pt; font-family: arial, helvetica, sans-serif;\">Sonntag: Geschlossen<\/span><\/p>\t\t\t\t\t\t\t\t<\/div>\n\t\t\t\t<\/div>\n\t\t\t\t\t<\/div>\n\t\t<\/div>\n\t\t\t\t\t<\/div>\n\t\t<\/section>\n\t\t\t\t\t<\/div>\n\t\t<\/div>\n\t\t\t\t\t<\/div>\n\t\t<\/section>\n\t\t\t\t<\/div>\n\t\t","protected":false},"excerpt":{"rendered":"<p>Willkommen beiFischer Messtechnik Leisten Sie mit uns einen wertvollen Beitrag zu\u00a0einem bewussten Umgang mit Gas, Strom,\u00a0Wasser und W\u00e4rme. F\u00fcr Hauseigent\u00fcmer, Hausverwalter oder Energieversorgungsunternehmen bieten wir eine Angebotspalette, welche von der Lieferung und Installation \u00fcber die Verbrauchserfassung und Wartung bis zur optimierten Kundenabrechnung reicht. Wir sind Mitglied in der\u00a0Fachvereinigung Heizkostenverteiler,\u00a0W\u00e4rmekostenabrechnung e.V. Kundenportal + UVI Login Ansprechpartner [&hellip;]<\/p>\n","protected":false},"author":1,"featured_media":0,"parent":0,"menu_order":0,"comment_status":"closed","ping_status":"closed","template":"","meta":{"ocean_post_layout":"full-width","ocean_both_sidebars_style":"","ocean_both_sidebars_content_width":0,"ocean_both_sidebars_sidebars_width":0,"ocean_sidebar":"0","ocean_second_sidebar":"0","ocean_disable_margins":"enable","ocean_add_body_class":"","ocean_shortcode_before_top_bar":"","ocean_shortcode_after_top_bar":"","ocean_shortcode_before_header":"","ocean_shortcode_after_header":"","ocean_has_shortcode":"","ocean_shortcode_after_title":"","ocean_shortcode_before_footer_widgets":"","ocean_shortcode_after_footer_widgets":"","ocean_shortcode_before_footer_bottom":"","ocean_shortcode_after_footer_bottom":"","ocean_display_top_bar":"default","ocean_display_header":"default","ocean_header_style":"","ocean_center_header_left_menu":"0","ocean_custom_header_template":"0","ocean_custom_logo":0,"ocean_custom_retina_logo":0,"ocean_custom_logo_max_width":0,"ocean_custom_logo_tablet_max_width":0,"ocean_custom_logo_mobile_max_width":0,"ocean_custom_logo_max_height":0,"ocean_custom_logo_tablet_max_height":0,"ocean_custom_logo_mobile_max_height":0,"ocean_header_custom_menu":"0","ocean_menu_typo_font_family":"0","ocean_menu_typo_font_subset":"","ocean_menu_typo_font_size":0,"ocean_menu_typo_font_size_tablet":0,"ocean_menu_typo_font_size_mobile":0,"ocean_menu_typo_font_size_unit":"px","ocean_menu_typo_font_weight":"","ocean_menu_typo_font_weight_tablet":"","ocean_menu_typo_font_weight_mobile":"","ocean_menu_typo_transform":"","ocean_menu_typo_transform_tablet":"","ocean_menu_typo_transform_mobile":"","ocean_menu_typo_line_height":0,"ocean_menu_typo_line_height_tablet":0,"ocean_menu_typo_line_height_mobile":0,"ocean_menu_typo_line_height_unit":"","ocean_menu_typo_spacing":0,"ocean_menu_typo_spacing_tablet":0,"ocean_menu_typo_spacing_mobile":0,"ocean_menu_typo_spacing_unit":"","ocean_menu_link_color":"","ocean_menu_link_color_hover":"","ocean_menu_link_color_active":"","ocean_menu_link_background":"","ocean_menu_link_hover_background":"","ocean_menu_link_active_background":"","ocean_menu_social_links_bg":"","ocean_menu_social_hover_links_bg":"","ocean_menu_social_links_color":"","ocean_menu_social_hover_links_color":"","ocean_disable_title":"on","ocean_disable_heading":"default","ocean_post_title":"","ocean_post_subheading":"","ocean_post_title_style":"","ocean_post_title_background_color":"","ocean_post_title_background":0,"ocean_post_title_bg_image_position":"","ocean_post_title_bg_image_attachment":"","ocean_post_title_bg_image_repeat":"","ocean_post_title_bg_image_size":"","ocean_post_title_height":0,"ocean_post_title_bg_overlay":0.5,"ocean_post_title_bg_overlay_color":"","ocean_disable_breadcrumbs":"default","ocean_breadcrumbs_color":"","ocean_breadcrumbs_separator_color":"","ocean_breadcrumbs_links_color":"","ocean_breadcrumbs_links_hover_color":"","ocean_display_footer_widgets":"on","ocean_display_footer_bottom":"on","ocean_custom_footer_template":"0","footnotes":""},"class_list":["post-10","page","type-page","status-publish","hentry","entry"],"_links":{"self":[{"href":"https:\/\/www.fischer-messtechnik-2000.de\/index.php\/wp-json\/wp\/v2\/pages\/10","targetHints":{"allow":["GET"]}}],"collection":[{"href":"https:\/\/www.fischer-messtechnik-2000.de\/index.php\/wp-json\/wp\/v2\/pages"}],"about":[{"href":"https:\/\/www.fischer-messtechnik-2000.de\/index.php\/wp-json\/wp\/v2\/types\/page"}],"author":[{"embeddable":true,"href":"https:\/\/www.fischer-messtechnik-2000.de\/index.php\/wp-json\/wp\/v2\/users\/1"}],"replies":[{"embeddable":true,"href":"https:\/\/www.fischer-messtechnik-2000.de\/index.php\/wp-json\/wp\/v2\/comments?post=10"}],"version-history":[{"count":105,"href":"https:\/\/www.fischer-messtechnik-2000.de\/index.php\/wp-json\/wp\/v2\/pages\/10\/revisions"}],"predecessor-version":[{"id":801,"href":"https:\/\/www.fischer-messtechnik-2000.de\/index.php\/wp-json\/wp\/v2\/pages\/10\/revisions\/801"}],"wp:attachment":[{"href":"https:\/\/www.fischer-messtechnik-2000.de\/index.php\/wp-json\/wp\/v2\/media?parent=10"}],"curies":[{"name":"wp","href":"https:\/\/api.w.org\/{rel}","templated":true}]}}